{"id":3506,"date":"2019-05-08T14:47:33","date_gmt":"2019-05-08T12:47:33","guid":{"rendered":"http:\/\/localhost\/amitges?page_id=3506"},"modified":"2024-12-10T12:14:22","modified_gmt":"2024-12-10T10:14:22","slug":"links","status":"publish","type":"page","link":"https:\/\/amitges.com\/en\/links\/","title":{"rendered":"Useful links"},"content":{"rendered":"\t\t<div data-elementor-type=\"wp-page\" data-elementor-id=\"3506\" class=\"elementor elementor-3506 elementor-2466\">\n\t\t\t\t<div class=\"elementor-element elementor-element-fc0a710 e-flex e-con-boxed e-con e-parent\" data-id=\"fc0a710\" data-element_type=\"container\" data-e-type=\"container\">\n\t\t\t\t\t<div class=\"e-con-inner\">\n\t\t<div class=\"elementor-element elementor-element-6ae1ec0 e-con-full e-flex e-con e-child\" data-id=\"6ae1ec0\" data-element_type=\"container\" data-e-type=\"container\">\n\t\t\t\t<div class=\"elementor-element elementor-element-6f62f7f elementor-widget elementor-widget-heading\" data-id=\"6f62f7f\" data-element_type=\"widget\" data-e-type=\"widget\" data-widget_type=\"heading.default\">\n\t\t\t\t<div class=\"elementor-widget-container\">\n\t\t\t\t\t<h2 class=\"elementor-heading-title elementor-size-default\"><p style=\"text-align:justify\"><b>Refuges in the area<\/b><span style=\"color: var( --e-global-color-primary );font-family: var( --e-global-typography-primary-font-family ), Sans-serif;font-weight: var( --e-global-typography-primary-font-weight );letter-spacing: var( --e-global-typography-primary-letter-spacing );text-align: var(--text-align)\"><\/span><\/p><\/h2>\t\t\t\t<\/div>\n\t\t\t\t<\/div>\n\t\t\t\t<div class=\"elementor-element elementor-element-5ff6aeb elementor-widget elementor-widget-text-editor\" data-id=\"5ff6aeb\" data-element_type=\"widget\" data-e-type=\"widget\" data-widget_type=\"text-editor.default\">\n\t\t\t\t<div class=\"elementor-widget-container\">\n\t\t\t\t\t\t\t\t\t<ul><li><a href=\"https:\/\/amitges.com\/\">Amitges<\/a>\u00a0973 25 01 09<\/li><li><a href=\"http:\/\/www.carrosdefoc.com\/\" target=\"_blank\" rel=\"noreferrer noopener\">Carros de Foc<\/a>\u00a0+34.973 64 06 98<\/li><li><a href=\"http:\/\/www.casacota.cat\/teranyina?num=1125481104\" target=\"_blank\" rel=\"noreferrer noopener\">Colomina<\/a>\u00a0973 25 20 00<\/li><li><a href=\"http:\/\/www.jmblanc.com\/\" target=\"_blank\" rel=\"noreferrer noopener\">Josep Maria Blanc<\/a>\u00a0973 25 01 08<\/li><li><a href=\"http:\/\/www.pladelafont.com\/\" target=\"_blank\" rel=\"noreferrer noopener\">Pla de la Font<\/a>\u00a0619 93 07 71<\/li><li><a href=\"http:\/\/www.refugicolomers.com\/\" target=\"_blank\" rel=\"noreferrer noopener\">Refugi Colomers<\/a>\u00a0973 25 30 08<\/li><li><a href=\"http:\/\/www.restanca.com\/\" target=\"_blank\" rel=\"noreferrer noopener\">Restanca<\/a>\u00a0608 03 65 59<\/li><li><a href=\"http:\/\/www.refugiventosa.com\/\" target=\"_blank\" rel=\"noreferrer noopener\">Ventosa i Calvell<\/a>\u00a0973 29 70 90<\/li><\/ul>\t\t\t\t\t\t\t\t<\/div>\n\t\t\t\t<\/div>\n\t\t\t\t<\/div>\n\t\t<div class=\"elementor-element elementor-element-1194844 e-con-full e-flex e-con e-child\" data-id=\"1194844\" data-element_type=\"container\" data-e-type=\"container\">\n\t\t\t\t<div class=\"elementor-element elementor-element-fac21f6 elementor-widget elementor-widget-heading\" data-id=\"fac21f6\" data-element_type=\"widget\" data-e-type=\"widget\" data-widget_type=\"heading.default\">\n\t\t\t\t<div class=\"elementor-widget-container\">\n\t\t\t\t\t<h2 class=\"elementor-heading-title elementor-size-default\"><p style=\"text-align:justify\"><b>Others<\/b><span style=\"color: var( --e-global-color-primary );font-family: var( --e-global-typography-primary-font-family ), Sans-serif;font-weight: var( --e-global-typography-primary-font-weight );letter-spacing: var( --e-global-typography-primary-letter-spacing );text-align: var(--text-align)\"><\/span><\/p><\/h2>\t\t\t\t<\/div>\n\t\t\t\t<\/div>\n\t\t\t\t<div class=\"elementor-element elementor-element-6b39550 elementor-widget elementor-widget-text-editor\" data-id=\"6b39550\" data-element_type=\"widget\" data-e-type=\"widget\" data-widget_type=\"text-editor.default\">\n\t\t\t\t<div class=\"elementor-widget-container\">\n\t\t\t\t\t\t\t\t\t<ul><li><a href=\"http:\/\/www.alsa.es\/portal\/site\/Alsa\/\" target=\"_blank\" rel=\"noreferrer noopener\">Alsa (bus line)<\/a>\u00a0902 42 22 42<\/li><li><a href=\"http:\/\/www.cec.cat\/\" target=\"_blank\" rel=\"noreferrer noopener\">CEC<\/a>\u00a093 315 23 11<\/li><li><a href=\"http:\/\/www.guiescarrosdefoc.com\/\" target=\"_blank\" rel=\"noreferrer noopener\">Companhia de guies de muntanha<\/a>\u00a034 \u2013 676 51 06 55<\/li><li><a href=\"http:\/\/www.feec.cat\/\" target=\"_blank\" rel=\"noreferrer noopener\">FEEC<\/a>\u00a093 412 07 77<\/li><li><a href=\"http:\/\/www.guiesdemuntanya.com\/\" target=\"_blank\" rel=\"noreferrer noopener\">Mountain guides in Alt Pallars<\/a>\u00a0629 591 614<\/li><li><a href=\"https:\/\/espot.ddl.net\/\" target=\"_blank\" rel=\"noreferrer noopener\">Espot town Hall<\/a><\/li><li><a href=\"http:\/\/www.mediambient.gencat.net\/cat\/el_medi\/parcs_de_catalunya\/aiguestortes\/http:\/\/www20.gencat.cat\/portal\/site\/parcsnaturals\/menuitem.93512201aa2411c0e6789a10b0c0e1a0\/?vgnextoid=beaf3b3c19532210VgnVCM1000008d0c1e0aRCRD&amp;vgnextchannel=beaf3b3c195322\" target=\"_blank\" rel=\"noreferrer noopener\">Parc Nacional d\u2019Aig\u00fcestortes i Estany de Sant Maurici<\/a>\u00a0973 62 40 36 \/ 973 69 61 89<\/li><li><a href=\"http:\/\/www.taxisespot.com\/\" target=\"_blank\" rel=\"noreferrer noopener\">Taxis Espot<\/a>\u00a0973 62 41 05<\/li><li><a href=\"http:\/\/www.eltiempodeunvistazo.com\/lerida.htm\" target=\"_blank\" rel=\"noreferrer noopener\">Webcams a Lleida<\/a><\/li><\/ul>\t\t\t\t\t\t\t\t<\/div>\n\t\t\t\t<\/div>\n\t\t\t\t<\/div>\n\t\t<div class=\"elementor-element elementor-element-d6dee28 e-con-full e-flex e-con e-child\" data-id=\"d6dee28\" data-element_type=\"container\" data-e-type=\"container\">\n\t\t\t\t<div class=\"elementor-element elementor-element-f4fcbc9 elementor-widget-divider--view-line elementor-widget elementor-widget-divider\" data-id=\"f4fcbc9\" data-element_type=\"widget\" data-e-type=\"widget\" data-widget_type=\"divider.default\">\n\t\t\t\t<div class=\"elementor-widget-container\">\n\t\t\t\t\t\t\t<div class=\"elementor-divider\">\n\t\t\t<span class=\"elementor-divider-separator\">\n\t\t\t\t\t\t<\/span>\n\t\t<\/div>\n\t\t\t\t\t\t<\/div>\n\t\t\t\t<\/div>\n\t\t\t\t<div class=\"elementor-element elementor-element-92b5216 elementor-widget elementor-widget-heading\" data-id=\"92b5216\" data-element_type=\"widget\" data-e-type=\"widget\" data-widget_type=\"heading.default\">\n\t\t\t\t<div class=\"elementor-widget-container\">\n\t\t\t\t\t<h2 class=\"elementor-heading-title elementor-size-default\">Other refuges<\/h2>\t\t\t\t<\/div>\n\t\t\t\t<\/div>\n\t\t\t\t<div class=\"elementor-element elementor-element-a0778d8 elementor-widget elementor-widget-text-editor\" data-id=\"a0778d8\" data-element_type=\"widget\" data-e-type=\"widget\" data-widget_type=\"text-editor.default\">\n\t\t\t\t<div class=\"elementor-widget-container\">\n\t\t\t\t\t\t\t\t\t<ul><li><a href=\"http:\/\/www.certascan.com\/\" target=\"_blank\" rel=\"noreferrer noopener\">Certascan<\/a>\u00a0973 62 32 30 \/ 973 62 13 89<\/li><li><a href=\"http:\/\/www.refugicuberes.com\/\" target=\"_blank\" rel=\"noreferrer noopener\">Cuberes<\/a>\u00a0973 25 24 39 \/ 973 66 20 56<\/li><li><a href=\"http:\/\/www.refugicomesderubio.com\/\" target=\"_blank\" rel=\"noreferrer noopener\">Refugi de les Comes de Rubi\u00f3<\/a>\u00a0677 065 773 \/ 973 623 049<\/li><li><a href=\"http:\/\/www.ulldeter.net\/cat\/index.html\" target=\"_blank\" rel=\"noreferrer noopener\">Refugi Ull de Ter<\/a>\u00a0972 19 20 04<\/li><\/ul>\t\t\t\t\t\t\t\t<\/div>\n\t\t\t\t<\/div>\n\t\t\t\t<\/div>\n\t\t<div class=\"elementor-element elementor-element-2d90603 e-con-full e-flex e-con e-child\" data-id=\"2d90603\" data-element_type=\"container\" data-e-type=\"container\">\n\t\t\t\t<div class=\"elementor-element elementor-element-14e4c33 elementor-widget-divider--view-line elementor-widget elementor-widget-divider\" data-id=\"14e4c33\" data-element_type=\"widget\" data-e-type=\"widget\" data-widget_type=\"divider.default\">\n\t\t\t\t<div class=\"elementor-widget-container\">\n\t\t\t\t\t\t\t<div class=\"elementor-divider\">\n\t\t\t<span class=\"elementor-divider-separator\">\n\t\t\t\t\t\t<\/span>\n\t\t<\/div>\n\t\t\t\t\t\t<\/div>\n\t\t\t\t<\/div>\n\t\t\t\t<div class=\"elementor-element elementor-element-5a6b36c elementor-widget elementor-widget-heading\" data-id=\"5a6b36c\" data-element_type=\"widget\" data-e-type=\"widget\" data-widget_type=\"heading.default\">\n\t\t\t\t<div class=\"elementor-widget-container\">\n\t\t\t\t\t<h2 class=\"elementor-heading-title elementor-size-default\">Tourism<\/h2>\t\t\t\t<\/div>\n\t\t\t\t<\/div>\n\t\t\t\t<div class=\"elementor-element elementor-element-5fc8bc2 elementor-widget elementor-widget-text-editor\" data-id=\"5fc8bc2\" data-element_type=\"widget\" data-e-type=\"widget\" data-widget_type=\"text-editor.default\">\n\t\t\t\t<div class=\"elementor-widget-container\">\n\t\t\t\t\t\t\t\t\t<ul><li><a href=\"http:\/\/www.lleidatur.com\/turisme\/inici.aspx\" target=\"_blank\" rel=\"noreferrer noopener\">Lleida Tourism<\/a><\/li><li><a href=\"http:\/\/turisme.pallarssobira.cat\/\" target=\"_blank\" rel=\"noreferrer noopener\">Pallars Sobir\u00e0 Tourism Board<\/a><\/li><li><a href=\"http:\/\/www.vallsdaneu.org\/\" target=\"_blank\" rel=\"noreferrer noopener\">Valls d\u2019\u00c0neu Tourism Initiatives<\/a><\/li><\/ul>\t\t\t\t\t\t\t\t<\/div>\n\t\t\t\t<\/div>\n\t\t\t\t<\/div>\n\t\t\t\t\t<\/div>\n\t\t\t\t<\/div>\n\t\t<div class=\"elementor-element elementor-element-402712c e-flex e-con-boxed e-con e-parent\" data-id=\"402712c\" data-element_type=\"container\" data-e-type=\"container\">\n\t\t\t\t\t<div class=\"e-con-inner\">\n\t\t\t\t<div class=\"elementor-element elementor-element-ec7e41a elementor-widget-divider--view-line elementor-widget elementor-widget-divider\" data-id=\"ec7e41a\" data-element_type=\"widget\" data-e-type=\"widget\" data-widget_type=\"divider.default\">\n\t\t\t\t<div class=\"elementor-widget-container\">\n\t\t\t\t\t\t\t<div class=\"elementor-divider\">\n\t\t\t<span class=\"elementor-divider-separator\">\n\t\t\t\t\t\t<\/span>\n\t\t<\/div>\n\t\t\t\t\t\t<\/div>\n\t\t\t\t<\/div>\n\t\t\t\t<div class=\"elementor-element elementor-element-2e68e30 elementor-widget elementor-widget-heading\" data-id=\"2e68e30\" data-element_type=\"widget\" data-e-type=\"widget\" data-widget_type=\"heading.default\">\n\t\t\t\t<div class=\"elementor-widget-container\">\n\t\t\t\t\t<h2 class=\"elementor-heading-title elementor-size-default\"><p style=\"text-align:justify\"><b>Bibliography<\/b><span style=\"color: var( --e-global-color-primary );font-family: var( --e-global-typography-primary-font-family ), Sans-serif;font-weight: var( --e-global-typography-primary-font-weight );letter-spacing: var( --e-global-typography-primary-letter-spacing );text-align: var(--text-align)\"><\/span><\/p><\/h2>\t\t\t\t<\/div>\n\t\t\t\t<\/div>\n\t\t\t\t<div class=\"elementor-element elementor-element-54896d2 elementor-widget elementor-widget-n-accordion\" data-id=\"54896d2\" data-element_type=\"widget\" data-e-type=\"widget\" data-settings=\"{&quot;default_state&quot;:&quot;all_collapsed&quot;,&quot;max_items_expended&quot;:&quot;one&quot;,&quot;n_accordion_animation_duration&quot;:{&quot;unit&quot;:&quot;ms&quot;,&quot;size&quot;:400,&quot;sizes&quot;:[]}}\" data-widget_type=\"nested-accordion.default\">\n\t\t\t\t<div class=\"elementor-widget-container\">\n\t\t\t\t\t\t\t<div class=\"e-n-accordion\" aria-label=\"Accordion. Open links with Enter or Space, close with Escape, and navigate with Arrow Keys\">\n\t\t\t\t\t\t<details id=\"e-n-accordion-item-8860\" class=\"e-n-accordion-item\" >\n\t\t\t\t<summary class=\"e-n-accordion-item-title\" data-accordion-index=\"1\" tabindex=\"0\" aria-expanded=\"false\" aria-controls=\"e-n-accordion-item-8860\" >\n\t\t\t\t\t<span class='e-n-accordion-item-title-header'><div class=\"e-n-accordion-item-title-text\"> Guides <\/div><\/span>\n\t\t\t\t\t\t\t<span class='e-n-accordion-item-title-icon'>\n\t\t\t<span class='e-opened' ><svg aria-hidden=\"true\" class=\"e-font-icon-svg e-fas-minus\" viewBox=\"0 0 448 512\" xmlns=\"http:\/\/www.w3.org\/2000\/svg\"><path d=\"M416 208H32c-17.67 0-32 14.33-32 32v32c0 17.67 14.33 32 32 32h384c17.67 0 32-14.33 32-32v-32c0-17.67-14.33-32-32-32z\"><\/path><\/svg><\/span>\n\t\t\t<span class='e-closed'><svg aria-hidden=\"true\" class=\"e-font-icon-svg e-fas-plus\" viewBox=\"0 0 448 512\" xmlns=\"http:\/\/www.w3.org\/2000\/svg\"><path d=\"M416 208H272V64c0-17.67-14.33-32-32-32h-32c-17.67 0-32 14.33-32 32v144H32c-17.67 0-32 14.33-32 32v32c0 17.67 14.33 32 32 32h144v144c0 17.67 14.33 32 32 32h32c17.67 0 32-14.33 32-32V304h144c17.67 0 32-14.33 32-32v-32c0-17.67-14.33-32-32-32z\"><\/path><\/svg><\/span>\n\t\t<\/span>\n\n\t\t\t\t\t\t<\/summary>\n\t\t\t\t<div role=\"region\" aria-labelledby=\"e-n-accordion-item-8860\" class=\"elementor-element elementor-element-e766853 e-con-full e-flex e-con e-child\" data-id=\"e766853\" data-element_type=\"container\" data-e-type=\"container\">\n\t\t\t\t<div class=\"elementor-element elementor-element-763f0f8 elementor-widget elementor-widget-text-editor\" data-id=\"763f0f8\" data-element_type=\"widget\" data-e-type=\"widget\" data-widget_type=\"text-editor.default\">\n\t\t\t\t<div class=\"elementor-widget-container\">\n\t\t\t\t\t\t\t\t\t<ul><li>GARCIA QUERA, N\u00faria;\u00a0<strong><em>Carros de foc<\/em><\/strong>; editorial Sua. Guia de l\u2019itinerari en catal\u00e0 o en castell\u00e0.<\/li><li>GARCIA QUERA, N\u00faria;\u00a0<strong><em>Guia d\u2019excursions Refugi d\u2019Amitges<\/em><\/strong>; Publicacions de l\u2019Abadia de Montserrat 1996. En catal\u00e0. Itineraris d\u2019estiu des del refugi d\u2019Amitges.<\/li><li>BUX\u00d3, Xavier i ALFONSO, Lu\u00eds;\u00a0<strong><em>Roca caliente en los Pirineos. Vol. III Aran-Pallars;<\/em><\/strong>; Supercrack Edicions, 2005; 361 p\u00e0gines. En castell\u00e0. Recull de vies d\u2019escalada.<\/li><li>BROCH, Manel i GREGORI, Francesc Xavier;\u00a0<strong><em>Aig\u00fcestortes i Sant Maurici<\/em><\/strong>; Editorial Montblanc-Mart\u00edn, 1994. En catal\u00e0. Excursions i travesses amb esqu\u00eds de muntanya.<\/li><li>BROCH, Manel i GREGORI, Francesc Xavier;\u00a0<strong><em>Excursiones con esqu\u00eds por el Parque Nacional de Aig\u00fcestortes i Estany de Sant Maurici<\/em><\/strong>; Editorial Prames, 1999. En castell\u00e0. Excursions i travesses amb esqu\u00eds de muntanya.<\/li><\/ul>\t\t\t\t\t\t\t\t<\/div>\n\t\t\t\t<\/div>\n\t\t\t\t<\/div>\n\t\t\t\t\t<\/details>\n\t\t\t\t\t\t<details id=\"e-n-accordion-item-8861\" class=\"e-n-accordion-item\" >\n\t\t\t\t<summary class=\"e-n-accordion-item-title\" data-accordion-index=\"2\" tabindex=\"-1\" aria-expanded=\"false\" aria-controls=\"e-n-accordion-item-8861\" >\n\t\t\t\t\t<span class='e-n-accordion-item-title-header'><div class=\"e-n-accordion-item-title-text\"> Maps <\/div><\/span>\n\t\t\t\t\t\t\t<span class='e-n-accordion-item-title-icon'>\n\t\t\t<span class='e-opened' ><svg aria-hidden=\"true\" class=\"e-font-icon-svg e-fas-minus\" viewBox=\"0 0 448 512\" xmlns=\"http:\/\/www.w3.org\/2000\/svg\"><path d=\"M416 208H32c-17.67 0-32 14.33-32 32v32c0 17.67 14.33 32 32 32h384c17.67 0 32-14.33 32-32v-32c0-17.67-14.33-32-32-32z\"><\/path><\/svg><\/span>\n\t\t\t<span class='e-closed'><svg aria-hidden=\"true\" class=\"e-font-icon-svg e-fas-plus\" viewBox=\"0 0 448 512\" xmlns=\"http:\/\/www.w3.org\/2000\/svg\"><path d=\"M416 208H272V64c0-17.67-14.33-32-32-32h-32c-17.67 0-32 14.33-32 32v144H32c-17.67 0-32 14.33-32 32v32c0 17.67 14.33 32 32 32h144v144c0 17.67 14.33 32 32 32h32c17.67 0 32-14.33 32-32V304h144c17.67 0 32-14.33 32-32v-32c0-17.67-14.33-32-32-32z\"><\/path><\/svg><\/span>\n\t\t<\/span>\n\n\t\t\t\t\t\t<\/summary>\n\t\t\t\t<div role=\"region\" aria-labelledby=\"e-n-accordion-item-8861\" class=\"elementor-element elementor-element-43256ba e-con-full e-flex e-con e-child\" data-id=\"43256ba\" data-element_type=\"container\" data-e-type=\"container\">\n\t\t\t\t<div class=\"elementor-element elementor-element-7893a89 elementor-widget elementor-widget-text-editor\" data-id=\"7893a89\" data-element_type=\"widget\" data-e-type=\"widget\" data-widget_type=\"text-editor.default\">\n\t\t\t\t<div class=\"elementor-widget-container\">\n\t\t\t\t\t\t\t\t\t<ul><li><strong>SANT MAURICI<\/strong>, escala 1:25000; Editorial Alpina; inclou explicaci\u00f3 d\u2019excursions<\/li><li><strong>CARROS DE FOC<\/strong>, escala 1:25.000; Editorial Alpina<\/li><li><strong>PARC NACIONAL D\u2019AIG\u00dcESTORTES I ESTANY DE SANT MAURICI<\/strong>, escala 1:25000; Col\u00b7lecci\u00f3 espais naturals protegits 01; Institut Cartogr\u00e0fic de la Generalitat de Catalunya.<\/li><li><strong>AIG\u00dcESTORTES I ESTANY DE SANT MAURICI<\/strong>; Cuadernos pirenaicos, editorial SUA 2004; en catal\u00e0 o castell\u00e0; inclou explicaci\u00f3 d\u2019excursions. Escala 1:50000 i 1:25000.<\/li><\/ul>\t\t\t\t\t\t\t\t<\/div>\n\t\t\t\t<\/div>\n\t\t\t\t<\/div>\n\t\t\t\t\t<\/details>\n\t\t\t\t\t<\/div>\n\t\t\t\t\t\t<\/div>\n\t\t\t\t<\/div>\n\t\t\t\t<div class=\"elementor-element elementor-element-e9499b2 elementor-widget elementor-widget-spacer\" data-id=\"e9499b2\" data-element_type=\"widget\" data-e-type=\"widget\" data-widget_type=\"spacer.default\">\n\t\t\t\t<div class=\"elementor-widget-container\">\n\t\t\t\t\t\t\t<div class=\"elementor-spacer\">\n\t\t\t<div class=\"elementor-spacer-inner\"><\/div>\n\t\t<\/div>\n\t\t\t\t\t\t<\/div>\n\t\t\t\t<\/div>\n\t\t\t\t\t<\/div>\n\t\t\t\t<\/div>\n\t\t\t\t<\/div>\n\t\t","protected":false},"excerpt":{"rendered":"<p>Refuges in the area Amitges\u00a0973 25 01 09 Carros de Foc\u00a0+34.973 64 06 98 Colomina\u00a0973 25 20 00 Josep Maria Blanc\u00a0973 25 01 08 Pla de la Font\u00a0619 93 07 71 Refugi Colomers\u00a0973 25 30 08 Restanca\u00a0608 03 65 59 Ventosa i Calvell\u00a0973 29 70 90 Others Alsa (bus line)\u00a0902 42 22 42 CEC\u00a093 315 [&hellip;]<\/p>\n","protected":false},"author":6,"featured_media":0,"parent":0,"menu_order":0,"comment_status":"closed","ping_status":"closed","template":"page-vc.php","meta":{"footnotes":""},"class_list":["post-3506","page","type-page","status-publish","hentry"],"_links":{"self":[{"href":"https:\/\/amitges.com\/en\/wp-json\/wp\/v2\/pages\/3506","targetHints":{"allow":["GET"]}}],"collection":[{"href":"https:\/\/amitges.com\/en\/wp-json\/wp\/v2\/pages"}],"about":[{"href":"https:\/\/amitges.com\/en\/wp-json\/wp\/v2\/types\/page"}],"author":[{"embeddable":true,"href":"https:\/\/amitges.com\/en\/wp-json\/wp\/v2\/users\/6"}],"replies":[{"embeddable":true,"href":"https:\/\/amitges.com\/en\/wp-json\/wp\/v2\/comments?post=3506"}],"version-history":[{"count":8,"href":"https:\/\/amitges.com\/en\/wp-json\/wp\/v2\/pages\/3506\/revisions"}],"predecessor-version":[{"id":5660,"href":"https:\/\/amitges.com\/en\/wp-json\/wp\/v2\/pages\/3506\/revisions\/5660"}],"wp:attachment":[{"href":"https:\/\/amitges.com\/en\/wp-json\/wp\/v2\/media?parent=3506"}],"curies":[{"name":"wp","href":"https:\/\/api.w.org\/{rel}","templated":true}]}}