{"id":3449,"date":"2019-05-08T14:53:50","date_gmt":"2019-05-08T12:53:50","guid":{"rendered":"http:\/\/localhost\/amitges?page_id=3449"},"modified":"2024-12-02T10:39:32","modified_gmt":"2024-12-02T08:39:32","slug":"excursiones","status":"publish","type":"page","link":"https:\/\/amitges.com\/es\/excursiones\/","title":{"rendered":"Excursiones"},"content":{"rendered":"\t\t<div data-elementor-type=\"wp-page\" data-elementor-id=\"3449\" class=\"elementor elementor-3449 elementor-2484\">\n\t\t\t\t<div class=\"elementor-element elementor-element-e46ce4c e-flex e-con-boxed e-con e-parent\" data-id=\"e46ce4c\" data-element_type=\"container\" data-e-type=\"container\">\n\t\t\t\t\t<div class=\"e-con-inner\">\n\t\t\t\t<div class=\"elementor-element elementor-element-9059788 elementor-widget elementor-widget-text-editor\" data-id=\"9059788\" data-element_type=\"widget\" data-e-type=\"widget\" data-widget_type=\"text-editor.default\">\n\t\t\t\t<div class=\"elementor-widget-container\">\n\t\t\t\t\t\t\t\t\t<p><\/p>\n<p>Teniendo como punto de partida el Refugio de Amitges se pueden hacer numerosas excursiones por parajes de alta monta\u00f1a. Estanques, arroyos, bosques de pino negro, prados alpinos, crestas y canchales gran\u00edticos, peque\u00f1os glaciares\u2026<\/p>\n<p><span style=\"text-align: var(--text-align);\">En este paisaje, en medio del Parque Nacional de Aig\u00fcestortes y Estany de Sant Maurici, se pueden observar especies de fauna adaptadas a la altura -rebecos, marmotas, armi\u00f1os, quebrantahuesos, perdiz blanca\u2026 \u2013 y de plantas que la mayor parte del a\u00f1o sobreviven tapadas por la nieve: gencianas, rododendros, martag\u00f3n, Ajuga reptans<\/span>\u2026<\/p>\t\t\t\t\t\t\t\t<\/div>\n\t\t\t\t<\/div>\n\t\t\t\t\t<\/div>\n\t\t\t\t<\/div>\n\t\t<div class=\"elementor-element elementor-element-d3df0ef e-flex e-con-boxed e-con e-parent\" data-id=\"d3df0ef\" data-element_type=\"container\" data-e-type=\"container\">\n\t\t\t\t\t<div class=\"e-con-inner\">\n\t\t<div class=\"elementor-element elementor-element-8fa6e6c e-con-full e-flex e-con e-child\" data-id=\"8fa6e6c\" data-element_type=\"container\" data-e-type=\"container\">\n\t\t\t\t<div class=\"elementor-element elementor-element-e7fc2d7 elementor-widget elementor-widget-image\" data-id=\"e7fc2d7\" data-element_type=\"widget\" data-e-type=\"widget\" data-widget_type=\"image.default\">\n\t\t\t\t<div class=\"elementor-widget-container\">\n\t\t\t\t\t\t\t\t\t\t\t\t\t\t\t<img fetchpriority=\"high\" decoding=\"async\" width=\"1024\" height=\"372\" src=\"https:\/\/amitges.com\/wp-content\/uploads\/Excursions_amitges.jpg\" class=\"attachment-full size-full wp-image-5204\" alt=\"Excursiones\" data-responsive-images=\"false\" \/>\t\t\t\t\t\t\t\t\t\t\t\t\t\t\t<\/div>\n\t\t\t\t<\/div>\n\t\t\t\t<div class=\"elementor-element elementor-element-100064f elementor-widget elementor-widget-n-accordion\" data-id=\"100064f\" data-element_type=\"widget\" data-e-type=\"widget\" data-settings=\"{&quot;default_state&quot;:&quot;all_collapsed&quot;,&quot;max_items_expended&quot;:&quot;one&quot;,&quot;n_accordion_animation_duration&quot;:{&quot;unit&quot;:&quot;ms&quot;,&quot;size&quot;:400,&quot;sizes&quot;:[]}}\" data-widget_type=\"nested-accordion.default\">\n\t\t\t\t<div class=\"elementor-widget-container\">\n\t\t\t\t\t\t\t<div class=\"e-n-accordion\" aria-label=\"Accordion. Open links with Enter or Space, close with Escape, and navigate with Arrow Keys\">\n\t\t\t\t\t\t<details id=\"e-n-accordion-item-1670\" class=\"e-n-accordion-item\" >\n\t\t\t\t<summary class=\"e-n-accordion-item-title\" data-accordion-index=\"1\" tabindex=\"0\" aria-expanded=\"false\" aria-controls=\"e-n-accordion-item-1670\" >\n\t\t\t\t\t<span class='e-n-accordion-item-title-header'><div class=\"e-n-accordion-item-title-text\"> Ascensiones a cimas <\/div><\/span>\n\t\t\t\t\t\t\t<span class='e-n-accordion-item-title-icon'>\n\t\t\t<span class='e-opened' ><svg aria-hidden=\"true\" class=\"e-font-icon-svg e-fas-minus\" viewBox=\"0 0 448 512\" xmlns=\"http:\/\/www.w3.org\/2000\/svg\"><path d=\"M416 208H32c-17.67 0-32 14.33-32 32v32c0 17.67 14.33 32 32 32h384c17.67 0 32-14.33 32-32v-32c0-17.67-14.33-32-32-32z\"><\/path><\/svg><\/span>\n\t\t\t<span class='e-closed'><svg aria-hidden=\"true\" class=\"e-font-icon-svg e-fas-plus\" viewBox=\"0 0 448 512\" xmlns=\"http:\/\/www.w3.org\/2000\/svg\"><path d=\"M416 208H272V64c0-17.67-14.33-32-32-32h-32c-17.67 0-32 14.33-32 32v144H32c-17.67 0-32 14.33-32 32v32c0 17.67 14.33 32 32 32h144v144c0 17.67 14.33 32 32 32h32c17.67 0 32-14.33 32-32V304h144c17.67 0 32-14.33 32-32v-32c0-17.67-14.33-32-32-32z\"><\/path><\/svg><\/span>\n\t\t<\/span>\n\n\t\t\t\t\t\t<\/summary>\n\t\t\t\t<div role=\"region\" aria-labelledby=\"e-n-accordion-item-1670\" class=\"elementor-element elementor-element-3679d18 e-con-full e-flex e-con e-child\" data-id=\"3679d18\" data-element_type=\"container\" data-e-type=\"container\">\n\t\t\t\t<div class=\"elementor-element elementor-element-1148f46 elementor-widget elementor-widget-text-editor\" data-id=\"1148f46\" data-element_type=\"widget\" data-e-type=\"widget\" data-widget_type=\"text-editor.default\">\n\t\t\t\t<div class=\"elementor-widget-container\">\n\t\t\t\t\t\t\t\t\t<ul><li><strong>Aguja Grande Amitges<\/strong> &#8211; 2.30 h<\/li><li><strong>Pico Amitges y Tuc de Saboredo<\/strong> &#8211; 4 h<\/li><li><strong>Bassiero Occidental<\/strong> &#8211; 4.30 h<\/li><li><strong>Pico del Portarr\u00f3 y aguja del Portarr\u00f3<\/strong> &#8211; 5 h<\/li><li><strong>Pui Pla o del Ordigal<\/strong> &#8211; 5 h<\/li><li><strong>Tuc de Ratera<\/strong> &#8211; 5 h<\/li><li><strong>Bassiero Oriental<\/strong> &#8211; 7 h<\/li><li><strong>Pico de Subenuix<\/strong> &#8211; 8 h<\/li><li><strong>Gran Encantat<\/strong> &#8211; 8 h<\/li><li><strong>Gran Tuc de Colomers<\/strong> &#8211; 9 h<\/li><li><strong>Pico de Peguera<\/strong> &#8211; 9 h<\/li><\/ul>\t\t\t\t\t\t\t\t<\/div>\n\t\t\t\t<\/div>\n\t\t\t\t<\/div>\n\t\t\t\t\t<\/details>\n\t\t\t\t\t<\/div>\n\t\t\t\t\t\t<\/div>\n\t\t\t\t<\/div>\n\t\t\t\t<\/div>\n\t\t<div class=\"elementor-element elementor-element-8415454 e-con-full e-flex e-con e-child\" data-id=\"8415454\" data-element_type=\"container\" data-e-type=\"container\">\n\t\t\t\t<div class=\"elementor-element elementor-element-6534dbe elementor-widget elementor-widget-image\" data-id=\"6534dbe\" data-element_type=\"widget\" data-e-type=\"widget\" data-widget_type=\"image.default\">\n\t\t\t\t<div class=\"elementor-widget-container\">\n\t\t\t\t\t\t\t\t\t\t\t\t\t\t\t<img decoding=\"async\" width=\"1024\" height=\"372\" src=\"https:\/\/amitges.com\/wp-content\/uploads\/Excursions_refugis.jpg\" class=\"attachment-full size-full wp-image-5224\" alt=\"Excursiones\" data-responsive-images=\"false\" \/>\t\t\t\t\t\t\t\t\t\t\t\t\t\t\t<\/div>\n\t\t\t\t<\/div>\n\t\t\t\t<div class=\"elementor-element elementor-element-14d86de elementor-widget elementor-widget-n-accordion\" data-id=\"14d86de\" data-element_type=\"widget\" data-e-type=\"widget\" data-settings=\"{&quot;default_state&quot;:&quot;all_collapsed&quot;,&quot;max_items_expended&quot;:&quot;one&quot;,&quot;n_accordion_animation_duration&quot;:{&quot;unit&quot;:&quot;ms&quot;,&quot;size&quot;:400,&quot;sizes&quot;:[]}}\" data-widget_type=\"nested-accordion.default\">\n\t\t\t\t<div class=\"elementor-widget-container\">\n\t\t\t\t\t\t\t<div class=\"e-n-accordion\" aria-label=\"Accordion. Open links with Enter or Space, close with Escape, and navigate with Arrow Keys\">\n\t\t\t\t\t\t<details id=\"e-n-accordion-item-2180\" class=\"e-n-accordion-item\" >\n\t\t\t\t<summary class=\"e-n-accordion-item-title\" data-accordion-index=\"1\" tabindex=\"0\" aria-expanded=\"false\" aria-controls=\"e-n-accordion-item-2180\" >\n\t\t\t\t\t<span class='e-n-accordion-item-title-header'><div class=\"e-n-accordion-item-title-text\"> Excursions a otros refugios <\/div><\/span>\n\t\t\t\t\t\t\t<span class='e-n-accordion-item-title-icon'>\n\t\t\t<span class='e-opened' ><svg aria-hidden=\"true\" class=\"e-font-icon-svg e-fas-minus\" viewBox=\"0 0 448 512\" xmlns=\"http:\/\/www.w3.org\/2000\/svg\"><path d=\"M416 208H32c-17.67 0-32 14.33-32 32v32c0 17.67 14.33 32 32 32h384c17.67 0 32-14.33 32-32v-32c0-17.67-14.33-32-32-32z\"><\/path><\/svg><\/span>\n\t\t\t<span class='e-closed'><svg aria-hidden=\"true\" class=\"e-font-icon-svg e-fas-plus\" viewBox=\"0 0 448 512\" xmlns=\"http:\/\/www.w3.org\/2000\/svg\"><path d=\"M416 208H272V64c0-17.67-14.33-32-32-32h-32c-17.67 0-32 14.33-32 32v144H32c-17.67 0-32 14.33-32 32v32c0 17.67 14.33 32 32 32h144v144c0 17.67 14.33 32 32 32h32c17.67 0 32-14.33 32-32V304h144c17.67 0 32-14.33 32-32v-32c0-17.67-14.33-32-32-32z\"><\/path><\/svg><\/span>\n\t\t<\/span>\n\n\t\t\t\t\t\t<\/summary>\n\t\t\t\t<div role=\"region\" aria-labelledby=\"e-n-accordion-item-2180\" class=\"elementor-element elementor-element-18961ed e-con-full e-flex e-con e-child\" data-id=\"18961ed\" data-element_type=\"container\" data-e-type=\"container\">\n\t\t\t\t<div class=\"elementor-element elementor-element-9973632 elementor-widget elementor-widget-text-editor\" data-id=\"9973632\" data-element_type=\"widget\" data-e-type=\"widget\" data-widget_type=\"text-editor.default\">\n\t\t\t\t<div class=\"elementor-widget-container\">\n\t\t\t\t\t\t\t\t\t<ul><li><strong>Refugio Ernest Mallafr\u00e9<\/strong> &#8211; 2 h<\/li><li><strong>Refugio Josep Maria Blanc<\/strong> &#8211; 5 h<\/li><li><strong>Refugio Saboredo<\/strong> &#8211; 2.30 h<\/li><li><strong>Refugio Restanca<\/strong> &#8211; 6 h<\/li><li><strong>Refugio Colom\u00e8rs<\/strong> &#8211; 3 h<\/li><li><strong>Refugio Ventosa i Calvell<\/strong> &#8211; 6 h<\/li><li><strong>Refugio d\u2019Estany Llong<\/strong> &#8211; 3 h<\/li><li><strong>Refugio Pla de la Font<\/strong> &#8211; 6 h<\/li><li><strong>Refugio Colomina<\/strong> &#8211; 5 h<\/li><\/ul>\t\t\t\t\t\t\t\t<\/div>\n\t\t\t\t<\/div>\n\t\t\t\t<\/div>\n\t\t\t\t\t<\/details>\n\t\t\t\t\t<\/div>\n\t\t\t\t\t\t<\/div>\n\t\t\t\t<\/div>\n\t\t\t\t<\/div>\n\t\t\t\t\t<\/div>\n\t\t\t\t<\/div>\n\t\t<div class=\"elementor-element elementor-element-9b9d26d e-flex e-con-boxed e-con e-parent\" data-id=\"9b9d26d\" data-element_type=\"container\" data-e-type=\"container\">\n\t\t\t\t\t<div class=\"e-con-inner\">\n\t\t<div class=\"elementor-element elementor-element-8084257 e-con-full e-flex e-con e-child\" data-id=\"8084257\" data-element_type=\"container\" data-e-type=\"container\">\n\t\t\t\t<div class=\"elementor-element elementor-element-a099fb7 elementor-widget elementor-widget-image\" data-id=\"a099fb7\" data-element_type=\"widget\" data-e-type=\"widget\" data-widget_type=\"image.default\">\n\t\t\t\t<div class=\"elementor-widget-container\">\n\t\t\t\t\t\t\t\t\t\t\t\t\t\t\t<img decoding=\"async\" width=\"1024\" height=\"381\" src=\"https:\/\/amitges.com\/wp-content\/uploads\/forfet.jpg\" class=\"attachment-full size-full wp-image-5229\" alt=\"Excursiones\" data-responsive-images=\"false\" \/>\t\t\t\t\t\t\t\t\t\t\t\t\t\t\t<\/div>\n\t\t\t\t<\/div>\n\t\t\t\t<div class=\"elementor-element elementor-element-1c55787 elementor-widget elementor-widget-n-accordion\" data-id=\"1c55787\" data-element_type=\"widget\" data-e-type=\"widget\" data-settings=\"{&quot;default_state&quot;:&quot;all_collapsed&quot;,&quot;max_items_expended&quot;:&quot;one&quot;,&quot;n_accordion_animation_duration&quot;:{&quot;unit&quot;:&quot;ms&quot;,&quot;size&quot;:400,&quot;sizes&quot;:[]}}\" data-widget_type=\"nested-accordion.default\">\n\t\t\t\t<div class=\"elementor-widget-container\">\n\t\t\t\t\t\t\t<div class=\"e-n-accordion\" aria-label=\"Accordion. Open links with Enter or Space, close with Escape, and navigate with Arrow Keys\">\n\t\t\t\t\t\t<details id=\"e-n-accordion-item-2970\" class=\"e-n-accordion-item\" >\n\t\t\t\t<summary class=\"e-n-accordion-item-title\" data-accordion-index=\"1\" tabindex=\"0\" aria-expanded=\"false\" aria-controls=\"e-n-accordion-item-2970\" >\n\t\t\t\t\t<span class='e-n-accordion-item-title-header'><div class=\"e-n-accordion-item-title-text\"> Carros de foc <\/div><\/span>\n\t\t\t\t\t\t\t<span class='e-n-accordion-item-title-icon'>\n\t\t\t<span class='e-opened' ><svg aria-hidden=\"true\" class=\"e-font-icon-svg e-fas-minus\" viewBox=\"0 0 448 512\" xmlns=\"http:\/\/www.w3.org\/2000\/svg\"><path d=\"M416 208H32c-17.67 0-32 14.33-32 32v32c0 17.67 14.33 32 32 32h384c17.67 0 32-14.33 32-32v-32c0-17.67-14.33-32-32-32z\"><\/path><\/svg><\/span>\n\t\t\t<span class='e-closed'><svg aria-hidden=\"true\" class=\"e-font-icon-svg e-fas-plus\" viewBox=\"0 0 448 512\" xmlns=\"http:\/\/www.w3.org\/2000\/svg\"><path d=\"M416 208H272V64c0-17.67-14.33-32-32-32h-32c-17.67 0-32 14.33-32 32v144H32c-17.67 0-32 14.33-32 32v32c0 17.67 14.33 32 32 32h144v144c0 17.67 14.33 32 32 32h32c17.67 0 32-14.33 32-32V304h144c17.67 0 32-14.33 32-32v-32c0-17.67-14.33-32-32-32z\"><\/path><\/svg><\/span>\n\t\t<\/span>\n\n\t\t\t\t\t\t<\/summary>\n\t\t\t\t<div role=\"region\" aria-labelledby=\"e-n-accordion-item-2970\" class=\"elementor-element elementor-element-c643eaf e-con-full e-flex e-con e-child\" data-id=\"c643eaf\" data-element_type=\"container\" data-e-type=\"container\">\n\t\t\t\t<div class=\"elementor-element elementor-element-a565aef elementor-widget elementor-widget-text-editor\" data-id=\"a565aef\" data-element_type=\"widget\" data-e-type=\"widget\" data-widget_type=\"text-editor.default\">\n\t\t\t\t<div class=\"elementor-widget-container\">\n\t\t\t\t\t\t\t\t\t<div class=\"wpb_text_column wpb_content_element vc_custom_1571850400180\" data-animation-delay=\"0\">\n<div class=\"wpb_wrapper\">\n<p>Es la vuelta a 11 refugios guardados del parque:<\/p>\n<p><strong>Amitges<\/strong>,&nbsp;<a href=\"https:\/\/www.refusaboredo.com\/\" target=\"_blank\" rel=\"noreferrer noopener\">Saboredo<\/a>,&nbsp;<a href=\"http:\/\/www.refugicolomers.com\/\" target=\"_blank\" rel=\"noreferrer noopener\">Colomers<\/a>,&nbsp;<a href=\"http:\/\/www.restanca.com\/\" target=\"_blank\" rel=\"noreferrer noopener\">Restanca<\/a>,&nbsp;<a href=\"http:\/\/www.refugiventosa.com\/\" target=\"_blank\" rel=\"noreferrer noopener\">Ventosa i Calvell<\/a>,&nbsp;<a href=\"http:\/\/www.lacentralderefugis.com\/index.php?option=com_wrapper&amp;Itemid=208\" target=\"_blank\" rel=\"noreferrer noopener\">Estany Llong<\/a>,&nbsp;<a href=\"http:\/\/www.refusonline.com\/\" target=\"_blank\" rel=\"noreferrer noopener\">Colomina<\/a>,&nbsp;<a href=\"http:\/\/www.jmblanc.com\/\" target=\"_blank\" rel=\"noopener noreferrer\">Josep Maria Blanc<\/a>, <a href=\"http:\/\/www.lacentralderefugis.com\/index.php?option=com_wrapper&amp;Itemid=207\" target=\"_blank\" rel=\"noreferrer noopener\">Ernest Mallafr\u00e9<\/a>, <a href=\"http:\/\/pladelafont.com\/index.php\/ca\/\" target=\"_blank\" rel=\"noreferrer noopener\">Pla de la Font<\/a>&nbsp;y&nbsp;<a href=\"https:\/\/refugidelgerdar.com\/\" target=\"_blank\" rel=\"noopener noreferrer\">Gerdar<\/a>.<\/p>\n<p>Hay diversas modalidades (Open, Open Plus, Mini carros, Carros Confort, Carros Sud, Carros Nord\u2026) y, a menudo, hay novedades.<\/p>\n<p><a href=\"https:\/\/www.carrosdefoc.com\/\">M\u00e1s informaci\u00f3n<\/a><\/p>\n<\/div>\n<\/div>\n<div class=\"wpb_single_image wpb_content_element vc_align_center wpb_content_element wpb_animate_when_almost_visible wpb_zoomIn zoomIn wpb_start_animation animated\">&nbsp;<\/div>\t\t\t\t\t\t\t\t<\/div>\n\t\t\t\t<\/div>\n\t\t\t\t<\/div>\n\t\t\t\t\t<\/details>\n\t\t\t\t\t<\/div>\n\t\t\t\t\t\t<\/div>\n\t\t\t\t<\/div>\n\t\t\t\t<\/div>\n\t\t<div class=\"elementor-element elementor-element-0e538ad e-con-full e-flex e-con e-child\" data-id=\"0e538ad\" data-element_type=\"container\" data-e-type=\"container\">\n\t\t\t\t<div class=\"elementor-element elementor-element-5d9f41e elementor-widget elementor-widget-image\" data-id=\"5d9f41e\" data-element_type=\"widget\" data-e-type=\"widget\" data-widget_type=\"image.default\">\n\t\t\t\t<div class=\"elementor-widget-container\">\n\t\t\t\t\t\t\t\t\t\t\t\t\t\t\t<img fetchpriority=\"high\" decoding=\"async\" width=\"1024\" height=\"372\" src=\"https:\/\/amitges.com\/wp-content\/uploads\/Excursions_amitges.jpg\" class=\"attachment-full size-full wp-image-5204\" alt=\"Excursiones\" data-responsive-images=\"false\" \/>\t\t\t\t\t\t\t\t\t\t\t\t\t\t\t<\/div>\n\t\t\t\t<\/div>\n\t\t\t\t<div class=\"elementor-element elementor-element-66ea346 elementor-widget elementor-widget-n-accordion\" data-id=\"66ea346\" data-element_type=\"widget\" data-e-type=\"widget\" data-settings=\"{&quot;default_state&quot;:&quot;all_collapsed&quot;,&quot;max_items_expended&quot;:&quot;one&quot;,&quot;n_accordion_animation_duration&quot;:{&quot;unit&quot;:&quot;ms&quot;,&quot;size&quot;:400,&quot;sizes&quot;:[]}}\" data-widget_type=\"nested-accordion.default\">\n\t\t\t\t<div class=\"elementor-widget-container\">\n\t\t\t\t\t\t\t<div class=\"e-n-accordion\" aria-label=\"Accordion. Open links with Enter or Space, close with Escape, and navigate with Arrow Keys\">\n\t\t\t\t\t\t<details id=\"e-n-accordion-item-1070\" class=\"e-n-accordion-item\" >\n\t\t\t\t<summary class=\"e-n-accordion-item-title\" data-accordion-index=\"1\" tabindex=\"0\" aria-expanded=\"false\" aria-controls=\"e-n-accordion-item-1070\" >\n\t\t\t\t\t<span class='e-n-accordion-item-title-header'><div class=\"e-n-accordion-item-title-text\"> GR-11 <\/div><\/span>\n\t\t\t\t\t\t\t<span class='e-n-accordion-item-title-icon'>\n\t\t\t<span class='e-opened' ><svg aria-hidden=\"true\" class=\"e-font-icon-svg e-fas-minus\" viewBox=\"0 0 448 512\" xmlns=\"http:\/\/www.w3.org\/2000\/svg\"><path d=\"M416 208H32c-17.67 0-32 14.33-32 32v32c0 17.67 14.33 32 32 32h384c17.67 0 32-14.33 32-32v-32c0-17.67-14.33-32-32-32z\"><\/path><\/svg><\/span>\n\t\t\t<span class='e-closed'><svg aria-hidden=\"true\" class=\"e-font-icon-svg e-fas-plus\" viewBox=\"0 0 448 512\" xmlns=\"http:\/\/www.w3.org\/2000\/svg\"><path d=\"M416 208H272V64c0-17.67-14.33-32-32-32h-32c-17.67 0-32 14.33-32 32v144H32c-17.67 0-32 14.33-32 32v32c0 17.67 14.33 32 32 32h144v144c0 17.67 14.33 32 32 32h32c17.67 0 32-14.33 32-32V304h144c17.67 0 32-14.33 32-32v-32c0-17.67-14.33-32-32-32z\"><\/path><\/svg><\/span>\n\t\t<\/span>\n\n\t\t\t\t\t\t<\/summary>\n\t\t\t\t<div role=\"region\" aria-labelledby=\"e-n-accordion-item-1070\" class=\"elementor-element elementor-element-937b815 e-con-full e-flex e-con e-child\" data-id=\"937b815\" data-element_type=\"container\" data-e-type=\"container\">\n\t\t\t\t<div class=\"elementor-element elementor-element-2afd35b elementor-widget elementor-widget-text-editor\" data-id=\"2afd35b\" data-element_type=\"widget\" data-e-type=\"widget\" data-widget_type=\"text-editor.default\">\n\t\t\t\t<div class=\"elementor-widget-container\">\n\t\t\t\t\t\t\t\t\t<div class=\"wpb_text_column wpb_content_element vc_custom_1571850400180\" data-animation-delay=\"0\"><div class=\"wpb_wrapper\"><p>Es el sendero de Gran Recorrido que cruza el Pirineo. Su trazado, marcado con pintura blanca y roja, pasa a media hora del refugio, por lo cual a menudo se utiliza como fin de etapa.\u00a0<\/p><p><span style=\"color: var( --e-global-color-text ); font-family: var( --e-global-typography-text-font-family ), Sans-serif; font-weight: var( --e-global-typography-text-font-weight ); text-align: var(--text-align); letter-spacing: 0px;\">Si se est\u00e1 siguiendo el recorrido desde el Mediterr\u00e1neo hasta el Atl\u00e1ntico, y se quiere pasar por Amitges, es necesario desviarse en Estanyola de Ratera, donde un cartel indica la direcci\u00f3n hasta el refugio a 0,45 h. Despu\u00e9s, para continuar con la traves\u00eda, no ser\u00e1 necesario bajar hasta esta cota.\u00a0<\/span><\/p><p><span style=\"color: var( --e-global-color-text ); font-family: var( --e-global-typography-text-font-family ), Sans-serif; font-weight: var( --e-global-typography-text-font-weight ); text-align: var(--text-align); letter-spacing: 0px;\">Por otro lado, si se viene del Atl\u00e1ntico, es necesario desviarse del GR en Estany del Port de Ratera y seguir las indicaciones hasta el refugio.\u00a0<\/span><span style=\"text-align: center; color: var( --e-global-color-text ); font-family: var( --e-global-typography-text-font-family ), Sans-serif; font-weight: var( --e-global-typography-text-font-weight ); letter-spacing: 0px;\">\u00a0<\/span><\/p><\/div><\/div>\t\t\t\t\t\t\t\t<\/div>\n\t\t\t\t<\/div>\n\t\t\t\t<\/div>\n\t\t\t\t\t<\/details>\n\t\t\t\t\t<\/div>\n\t\t\t\t\t\t<\/div>\n\t\t\t\t<\/div>\n\t\t\t\t<\/div>\n\t\t\t\t\t<\/div>\n\t\t\t\t<\/div>\n\t\t<div class=\"elementor-element elementor-element-c393912 e-flex e-con-boxed e-con e-parent\" data-id=\"c393912\" data-element_type=\"container\" data-e-type=\"container\">\n\t\t\t\t\t<div class=\"e-con-inner\">\n\t\t\t\t<div class=\"elementor-element elementor-element-28e4fef elementor-widget-divider--view-line elementor-widget elementor-widget-divider\" data-id=\"28e4fef\" data-element_type=\"widget\" data-e-type=\"widget\" data-widget_type=\"divider.default\">\n\t\t\t\t<div class=\"elementor-widget-container\">\n\t\t\t\t\t\t\t<div class=\"elementor-divider\">\n\t\t\t<span class=\"elementor-divider-separator\">\n\t\t\t\t\t\t<\/span>\n\t\t<\/div>\n\t\t\t\t\t\t<\/div>\n\t\t\t\t<\/div>\n\t\t\t\t\t<\/div>\n\t\t\t\t<\/div>\n\t\t<div class=\"elementor-element elementor-element-987aa31 e-flex e-con-boxed e-con e-parent\" data-id=\"987aa31\" data-element_type=\"container\" data-e-type=\"container\">\n\t\t\t\t\t<div class=\"e-con-inner\">\n\t\t<div class=\"elementor-element elementor-element-24fc15e e-con-full e-flex e-con e-child\" data-id=\"24fc15e\" data-element_type=\"container\" data-e-type=\"container\">\n\t\t\t\t<div class=\"elementor-element elementor-element-8bf06e6 elementor-widget elementor-widget-image\" data-id=\"8bf06e6\" data-element_type=\"widget\" data-e-type=\"widget\" data-widget_type=\"image.default\">\n\t\t\t\t<div class=\"elementor-widget-container\">\n\t\t\t\t\t\t\t\t\t\t\t\t\t\t\t<img loading=\"lazy\" decoding=\"async\" width=\"300\" height=\"217\" src=\"https:\/\/amitges.com\/wp-content\/uploads\/wikiloc-1-300x217.png\" class=\"attachment-medium size-medium wp-image-4121\" alt=\"Excursiones\" data-responsive-images=\"false\" \/>\t\t\t\t\t\t\t\t\t\t\t\t\t\t\t<\/div>\n\t\t\t\t<\/div>\n\t\t\t\t<\/div>\n\t\t<div class=\"elementor-element elementor-element-795745a e-con-full e-flex e-con e-child\" data-id=\"795745a\" data-element_type=\"container\" data-e-type=\"container\">\n\t\t\t\t<div class=\"elementor-element elementor-element-b5bb368 elementor-widget elementor-widget-text-editor\" data-id=\"b5bb368\" data-element_type=\"widget\" data-e-type=\"widget\" data-widget_type=\"text-editor.default\">\n\t\t\t\t<div class=\"elementor-widget-container\">\n\t\t\t\t\t\t\t\t\t<p><span style=\"color: #616161; font-family: Karla;\">En Wikiloc puedes encontrar y subir rutas e senderismo GPS que salgan, lleguen o pasen por el refugio de Amitges.\u00a0<\/span><\/p>\t\t\t\t\t\t\t\t<\/div>\n\t\t\t\t<\/div>\n\t\t\t\t<div class=\"elementor-element elementor-element-e063205 elementor-widget elementor-widget-image\" data-id=\"e063205\" data-element_type=\"widget\" data-e-type=\"widget\" data-widget_type=\"image.default\">\n\t\t\t\t<div class=\"elementor-widget-container\">\n\t\t\t\t\t\t\t\t\t\t\t\t\t\t\t<img loading=\"lazy\" decoding=\"async\" width=\"225\" height=\"93\" src=\"https:\/\/amitges.com\/wp-content\/uploads\/wikiloc-logo-2.png\" class=\"attachment-large size-large wp-image-4115\" alt=\"Excursiones\" data-responsive-images=\"false\" \/>\t\t\t\t\t\t\t\t\t\t\t\t\t\t\t<\/div>\n\t\t\t\t<\/div>\n\t\t\t\t<\/div>\n\t\t\t\t\t<\/div>\n\t\t\t\t<\/div>\n\t\t\t\t<\/div>\n\t\t","protected":false},"excerpt":{"rendered":"<p>Teniendo como punto de partida el Refugio de Amitges se pueden hacer numerosas excursiones por parajes de alta monta\u00f1a. Estanques, arroyos, bosques de pino negro, prados alpinos, crestas y canchales gran\u00edticos, peque\u00f1os glaciares\u2026 En este paisaje, en medio del Parque Nacional de Aig\u00fcestortes y Estany de Sant Maurici, se pueden observar especies de fauna adaptadas [&hellip;]<\/p>\n","protected":false},"author":6,"featured_media":0,"parent":0,"menu_order":0,"comment_status":"closed","ping_status":"closed","template":"page-vc.php","meta":{"footnotes":""},"class_list":["post-3449","page","type-page","status-publish","hentry"],"_links":{"self":[{"href":"https:\/\/amitges.com\/es\/wp-json\/wp\/v2\/pages\/3449","targetHints":{"allow":["GET"]}}],"collection":[{"href":"https:\/\/amitges.com\/es\/wp-json\/wp\/v2\/pages"}],"about":[{"href":"https:\/\/amitges.com\/es\/wp-json\/wp\/v2\/types\/page"}],"author":[{"embeddable":true,"href":"https:\/\/amitges.com\/es\/wp-json\/wp\/v2\/users\/6"}],"replies":[{"embeddable":true,"href":"https:\/\/amitges.com\/es\/wp-json\/wp\/v2\/comments?post=3449"}],"version-history":[{"count":8,"href":"https:\/\/amitges.com\/es\/wp-json\/wp\/v2\/pages\/3449\/revisions"}],"predecessor-version":[{"id":5558,"href":"https:\/\/amitges.com\/es\/wp-json\/wp\/v2\/pages\/3449\/revisions\/5558"}],"wp:attachment":[{"href":"https:\/\/amitges.com\/es\/wp-json\/wp\/v2\/media?parent=3449"}],"curies":[{"name":"wp","href":"https:\/\/api.w.org\/{rel}","templated":true}]}}