{"id":3504,"date":"2019-05-08T14:48:16","date_gmt":"2019-05-08T12:48:16","guid":{"rendered":"http:\/\/localhost\/amitges?page_id=3504"},"modified":"2019-10-05T18:33:04","modified_gmt":"2019-10-05T16:33:04","slug":"enfilada","status":"publish","type":"page","link":"https:\/\/amitges.com\/es\/enfilada\/","title":{"rendered":"Enfilada"},"content":{"rendered":"<div class=\"wpb-content-wrapper\">[vc_row element_id=\u00bb115127&#8243; css=\u00bb.vc_custom_1569342179630{margin-top: 4em !important;margin-bottom: 4em !important;}\u00bb][vc_column][vc_column_text animation_delay=\u00bb0&#8243;]Desde 2011 el Refugio de Amitges organiza un encuentro de escaladores en las agujas de Amitges a finales de agosto, principios de septiembre: la Enfilada[\/vc_column_text][\/vc_column][\/vc_row][vc_row element_id=\u00bb115127&#8243; css=\u00bb.vc_custom_1569342179630{margin-top: 4em !important;margin-bottom: 4em !important;}\u00bb][vc_column width=\u00bb1\/2&#8243;][vc_column_text animation_delay=\u00bb0&#8243; css=\u00bb.vc_custom_1569343912682{padding-bottom: 2em !important;}\u00bb]\n<h2>Programa<\/h2>\n[\/vc_column_text][vc_column_text animation_delay=\u00bb0&#8243;]<strong>Viernes<\/strong><\/p>\n<p><strong>17:00 h.<\/strong> Aprovechando un viaje del todo terreno se subir\u00e1n las mochilas de los participantes que lo deseen desde el parking de Prats de Pierr\u00f3.<\/p>\n<p><strong>S\u00e1bado<\/strong><\/p>\n<ul>\n<li><strong>7:00h. a 8:30h.<\/strong>\u00a0Desayuno<\/li>\n<li><strong>8:30 h. a 9:00 h.<\/strong>\u00a0Salida hacia las Agujas.<\/li>\n<li><strong>9:30 h. a 18:00 h.<\/strong> ESCALAMOS\u2026 (Hay un avituallamiento gratuito al pie de las Agujas).<\/li>\n<li><strong>19:30 h.<\/strong>\u00a0Cena del refugio para los que lo hayan reservado.<\/li>\n<li><strong>20:30h.<\/strong> Mesa redonda<\/li>\n<li><strong>21:30h.<\/strong>\u00a0M\u00fasica<\/li>\n<li><strong>24:00 h.<\/strong>\u00a0Silencio<\/li>\n<\/ul>\n[\/vc_column_text][\/vc_column][vc_column width=\u00bb1\/2&#8243;][vc_column_text animation_delay=\u00bb0&#8243;]\n<h2>Inscripciones<\/h2>\n<p>La inscripci\u00f3n es gratuita. Da derecho a la subida del material el viernes, y al avituallamiento a pie de las Agujas el s\u00e1bado. Los inscritos tendr\u00e1n un descuento en las latas de bebida que consuman. La inscripci\u00f3n <mark class=\"et-highlight back-active\" style=\"background-color: #598eb2;\">no incluye la estancia ni las comidas del refugio<\/mark>.<\/p>\n<p>Per inscribirte, envia un correo a\u00a0<a href=\"mailto:info@refusonline.com\">info@refusonline.com<\/a>, con tu nombre, n\u00ba de tel\u00e9fono y direcci\u00f3n de email. Te contestaremos confirmando la inscripci\u00f3n.<\/p>\n<h2>Reservas al refugio<\/h2>\n<p>Para reservar los servicios del refugio (Cena, dormir, desayuno), debes enviar un email a\u00a0<a href=\"mailto:info@refusonline.com\">info@refusonline.com<\/a>, explicando que participar\u00e1s en la ENFILADA. Al reservar se te pedir\u00e1 una paga y se\u00f1al de 15 Euros por persona y noche.<\/p>\n<p>Recuerda que las Agujas est\u00e1n dentro de un Parque Nacional con una normativa muy estricta que penaliza la acampada y el bivac.[\/vc_column_text][\/vc_column][\/vc_row][vc_row element_id=\u00bb753786&#8243; css=\u00bb.vc_custom_1569343954515{margin-top: 4em !important;padding-top: 2em !important;background-color: #eeeeee !important;}\u00bb][vc_column]<div class=\"et-icon large et-icon-719513\"><span class=\"el-icon fa fas fa-image\"><\/span><\/div>[\/vc_column][\/vc_row][vc_row element_id=\u00bb943202&#8243; css=\u00bb.vc_custom_1569343594682{padding-top: 2em !important;padding-bottom: 2em !important;background-color: #eeeeee !important;}\u00bb][vc_column width=\u00bb1\/3&#8243;][vc_column_text animation_delay=\u00bb0&#8243;]\n<h3>2011<\/h3>\n[\/vc_column_text][vc_single_image image=\u00bb3167&#8243; img_size=\u00bbmedium\u00bb alignment=\u00bbcenter\u00bb][\/vc_column][vc_column width=\u00bb1\/3&#8243;][vc_column_text animation_delay=\u00bb0&#8243;]\n<h3>2012<\/h3>\n[\/vc_column_text][vc_single_image image=\u00bb3168&#8243; img_size=\u00bbmedium\u00bb alignment=\u00bbcenter\u00bb][\/vc_column][vc_column width=\u00bb1\/3&#8243;][vc_column_text animation_delay=\u00bb0&#8243;]\n<h3>2013<\/h3>\n[\/vc_column_text][vc_single_image image=\u00bb3169&#8243; img_size=\u00bbmedium\u00bb alignment=\u00bbcenter\u00bb][\/vc_column][\/vc_row][vc_row element_id=\u00bb339370&#8243; css=\u00bb.vc_custom_1569343413917{padding-top: 2em !important;padding-bottom: 2em !important;background-color: #eeeeee !important;}\u00bb][vc_column width=\u00bb1\/3&#8243;][vc_column_text animation_delay=\u00bb0&#8243;]\n<h3>2014<\/h3>\n[\/vc_column_text][vc_single_image image=\u00bb3170&#8243; img_size=\u00bbmedium\u00bb alignment=\u00bbcenter\u00bb][\/vc_column][vc_column width=\u00bb1\/3&#8243;][vc_column_text animation_delay=\u00bb0&#8243;]\n<h3>2015<\/h3>\n[\/vc_column_text][vc_single_image image=\u00bb3171&#8243; img_size=\u00bbmedium\u00bb alignment=\u00bbcenter\u00bb][\/vc_column][vc_column width=\u00bb1\/3&#8243;][vc_column_text animation_delay=\u00bb0&#8243;]\n<h3>2016<\/h3>\n[\/vc_column_text][vc_single_image image=\u00bb3172&#8243; img_size=\u00bbmedium\u00bb alignment=\u00bbcenter\u00bb][\/vc_column][\/vc_row][vc_row element_id=\u00bb58677&#8243; css=\u00bb.vc_custom_1569343717902{padding-top: 2em !important;padding-bottom: 4em !important;background-color: #eeeeee !important;}\u00bb][vc_column width=\u00bb1\/3&#8243;][vc_column_text animation_delay=\u00bb0&#8243;]\n<h3>2017<\/h3>\n[\/vc_column_text][vc_single_image image=\u00bb3173&#8243; img_size=\u00bbmedium\u00bb alignment=\u00bbcenter\u00bb][\/vc_column][vc_column width=\u00bb1\/3&#8243;][vc_column_text animation_delay=\u00bb0&#8243;]\n<h3>2018<\/h3>\n[\/vc_column_text][vc_single_image image=\u00bb3175&#8243; img_size=\u00bbmedium\u00bb alignment=\u00bbcenter\u00bb][\/vc_column][vc_column width=\u00bb1\/3&#8243;][vc_column_text animation_delay=\u00bb0&#8243;]\n<h3>2019<\/h3>\n[\/vc_column_text][vc_single_image image=\u00bb3174&#8243; img_size=\u00bbmedium\u00bb alignment=\u00bbcenter\u00bb][\/vc_column][\/vc_row][vc_row element_id=\u00bb336218&#8243; css=\u00bb.vc_custom_1569343693288{padding-top: 4em !important;padding-bottom: 2em !important;background-color: #eeeeee !important;}\u00bb][vc_column]<div class=\"et-icon large et-icon-660746\"><span class=\"el-icon fa fas fa-video\"><\/span><\/div>[\/vc_column][\/vc_row][vc_row element_id=\u00bb382228&#8243; css=\u00bb.vc_custom_1569343619405{padding-top: 2em !important;padding-bottom: 2em !important;background-color: #eeeeee !important;}\u00bb][vc_column width=\u00bb1\/3&#8243;][vc_column_text animation_delay=\u00bb0&#8243;]\n<h3>2011<\/h3>\n[\/vc_column_text]<div id=\"et-video-1\" class=\"et-video\"><div class=\"plyr__video-embed plyr-element\"><iframe allowfullscreen=\"allowfullscreen\" frameBorder=\"0\" src=\"https:\/\/youtu.be\/TPS6XyEHjxw\" class=\"iframevideo\"><\/iframe><\/div><\/div>[\/vc_column][vc_column width=\u00bb1\/3&#8243;][vc_column_text animation_delay=\u00bb0&#8243;]\n<h3>2012<\/h3>\n[\/vc_column_text]<div id=\"et-video-2\" class=\"et-video\"><div class=\"plyr__video-embed plyr-element\"><iframe allowfullscreen=\"allowfullscreen\" frameBorder=\"0\" src=\"https:\/\/youtu.be\/VK6_dWGjKaQ\" class=\"iframevideo\"><\/iframe><\/div><\/div>[\/vc_column][vc_column width=\u00bb1\/3&#8243;][vc_column_text animation_delay=\u00bb0&#8243;]\n<h3>2013<\/h3>\n[\/vc_column_text]<div id=\"et-video-3\" class=\"et-video\"><div class=\"plyr__video-embed plyr-element\"><iframe allowfullscreen=\"allowfullscreen\" frameBorder=\"0\" src=\"https:\/\/youtu.be\/49VQ21AZbkI\" class=\"iframevideo\"><\/iframe><\/div><\/div>[\/vc_column][\/vc_row][vc_row element_id=\u00bb957856&#8243; css=\u00bb.vc_custom_1569342981122{padding-top: 2em !important;padding-bottom: 2em !important;background-color: #eeeeee !important;}\u00bb][vc_column width=\u00bb1\/3&#8243;][vc_column_text animation_delay=\u00bb0&#8243;]\n<h3>2014<\/h3>\n[\/vc_column_text]<div id=\"et-video-4\" class=\"et-video\"><div class=\"plyr__video-embed plyr-element\"><iframe allowfullscreen=\"allowfullscreen\" frameBorder=\"0\" src=\"https:\/\/youtu.be\/yXglfIGaCsM\" class=\"iframevideo\"><\/iframe><\/div><\/div>[\/vc_column][vc_column width=\u00bb1\/3&#8243;][vc_column_text animation_delay=\u00bb0&#8243;]\n<h3>2015<\/h3>\n[\/vc_column_text]<div id=\"et-video-5\" class=\"et-video\"><div class=\"plyr__video-embed plyr-element\"><iframe allowfullscreen=\"allowfullscreen\" frameBorder=\"0\" src=\"https:\/\/youtu.be\/VK6_dWGjKaQ\" class=\"iframevideo\"><\/iframe><\/div><\/div>[\/vc_column][vc_column width=\u00bb1\/3&#8243;][vc_column_text animation_delay=\u00bb0&#8243;]\n<h3>2016<\/h3>\n[\/vc_column_text]<div id=\"et-video-6\" class=\"et-video\"><div class=\"plyr__video-embed plyr-element\"><iframe allowfullscreen=\"allowfullscreen\" frameBorder=\"0\" src=\"https:\/\/youtu.be\/O4Z-3LWAass\" class=\"iframevideo\"><\/iframe><\/div><\/div>[\/vc_column][\/vc_row][vc_row element_id=\u00bb239853&#8243; css=\u00bb.vc_custom_1569343662009{padding-top: 2em !important;padding-bottom: 8em !important;background-color: #eeeeee !important;}\u00bb][vc_column width=\u00bb1\/3&#8243;][vc_column_text animation_delay=\u00bb0&#8243;]\n<h3>2017<\/h3>\n[\/vc_column_text]<div id=\"et-video-7\" class=\"et-video\"><div class=\"plyr__video-embed plyr-element\"><iframe allowfullscreen=\"allowfullscreen\" frameBorder=\"0\" src=\"https:\/\/youtu.be\/m4Jre1iT4jk\" class=\"iframevideo\"><\/iframe><\/div><\/div>[\/vc_column][vc_column width=\u00bb1\/3&#8243;][vc_column_text animation_delay=\u00bb0&#8243;]\n<h3>2018<\/h3>\n[\/vc_column_text]<div id=\"et-video-8\" class=\"et-video\"><div class=\"plyr__video-embed plyr-element\"><iframe allowfullscreen=\"allowfullscreen\" frameBorder=\"0\" src=\"https:\/\/youtu.be\/YT2O0VIFrz0\" class=\"iframevideo\"><\/iframe><\/div><\/div>[\/vc_column][vc_column width=\u00bb1\/3&#8243;][vc_column_text animation_delay=\u00bb0&#8243;]\n<h3>2019<\/h3>\n[\/vc_column_text]<div id=\"et-video-9\" class=\"et-video\"><div class=\"plyr__video-embed plyr-element\"><iframe allowfullscreen=\"allowfullscreen\" frameBorder=\"0\" src=\"https:\/\/youtu.be\/vMebjifmq3g\" class=\"iframevideo\"><\/iframe><\/div><\/div>[\/vc_column][\/vc_row]\n<\/div>","protected":false},"excerpt":{"rendered":"<p>[vc_row element_id=\u00bb115127&#8243; css=\u00bb.vc_custom_1569342179630{margin-top: 4em !important;margin-bottom: 4em !important;}\u00bb][vc_column][vc_column_text animation_delay=\u00bb0&#8243;]Desde 2011 el Refugio de Amitges organiza un encuentro de escaladores en las agujas de Amitges a finales de agosto, principios de septiembre: la Enfilada[\/vc_column_text][\/vc_column][\/vc_row][vc_row element_id=\u00bb115127&#8243; css=\u00bb.vc_custom_1569342179630{margin-top: 4em !important;margin-bottom: 4em !important;}\u00bb][vc_column width=\u00bb1\/2&#8243;][vc_column_text animation_delay=\u00bb0&#8243; css=\u00bb.vc_custom_1569343912682{padding-bottom: 2em !important;}\u00bb] Programa [\/vc_column_text][vc_column_text animation_delay=\u00bb0&#8243;]Viernes 17:00 h. Aprovechando un viaje del todo terreno se [&hellip;]<\/p>\n","protected":false},"author":6,"featured_media":0,"parent":0,"menu_order":0,"comment_status":"closed","ping_status":"closed","template":"page-vc.php","meta":{"footnotes":""},"class_list":["post-3504","page","type-page","status-publish","hentry"],"_links":{"self":[{"href":"https:\/\/amitges.com\/es\/wp-json\/wp\/v2\/pages\/3504","targetHints":{"allow":["GET"]}}],"collection":[{"href":"https:\/\/amitges.com\/es\/wp-json\/wp\/v2\/pages"}],"about":[{"href":"https:\/\/amitges.com\/es\/wp-json\/wp\/v2\/types\/page"}],"author":[{"embeddable":true,"href":"https:\/\/amitges.com\/es\/wp-json\/wp\/v2\/users\/6"}],"replies":[{"embeddable":true,"href":"https:\/\/amitges.com\/es\/wp-json\/wp\/v2\/comments?post=3504"}],"version-history":[{"count":2,"href":"https:\/\/amitges.com\/es\/wp-json\/wp\/v2\/pages\/3504\/revisions"}],"predecessor-version":[{"id":3683,"href":"https:\/\/amitges.com\/es\/wp-json\/wp\/v2\/pages\/3504\/revisions\/3683"}],"wp:attachment":[{"href":"https:\/\/amitges.com\/es\/wp-json\/wp\/v2\/media?parent=3504"}],"curies":[{"name":"wp","href":"https:\/\/api.w.org\/{rel}","templated":true}]}}