{"id":3439,"date":"2019-05-08T14:54:58","date_gmt":"2019-05-08T12:54:58","guid":{"rendered":"http:\/\/localhost\/amitges?page_id=3439"},"modified":"2024-12-11T13:26:51","modified_gmt":"2024-12-11T11:26:51","slug":"ski-raquettes","status":"publish","type":"page","link":"https:\/\/amitges.com\/fr\/ski-raquettes\/","title":{"rendered":"Ski et raquettes"},"content":{"rendered":"\t\t<div data-elementor-type=\"wp-page\" data-elementor-id=\"3439\" class=\"elementor elementor-3439 elementor-2488\">\n\t\t\t\t<div class=\"elementor-element elementor-element-c59135f e-flex e-con-boxed e-con e-parent\" data-id=\"c59135f\" data-element_type=\"container\" data-e-type=\"container\">\n\t\t\t\t\t<div class=\"e-con-inner\">\n\t\t\t\t<div class=\"elementor-element elementor-element-4fdb508 elementor-widget elementor-widget-spacer\" data-id=\"4fdb508\" data-element_type=\"widget\" data-e-type=\"widget\" data-widget_type=\"spacer.default\">\n\t\t\t\t<div class=\"elementor-widget-container\">\n\t\t\t\t\t\t\t<div class=\"elementor-spacer\">\n\t\t\t<div class=\"elementor-spacer-inner\"><\/div>\n\t\t<\/div>\n\t\t\t\t\t\t<\/div>\n\t\t\t\t<\/div>\n\t\t\t\t<div class=\"elementor-element elementor-element-b2100e2 elementor-widget elementor-widget-text-editor\" data-id=\"b2100e2\" data-element_type=\"widget\" data-e-type=\"widget\" data-widget_type=\"text-editor.default\">\n\t\t\t\t<div class=\"elementor-widget-container\">\n\t\t\t\t\t\t\t\t\t<p>En hiver, le refuge est ouvert plusieurs jours en f\u00e9vrier et mars, co\u00efncidant avec les vacances scolaires en France. Il est \u00e9galement ouvert pendant la plupart des ponts, pour P\u00e2ques et sur r\u00e9servation.<\/p><p>Pendant cette saison, le relief est recouvert de neige, ce qui permet de faire des randonn\u00e9es en ski de montagne et en raquettes. Aller \u00e0 la d\u00e9couverte de ces montagnes enneig\u00e9es et avoir, en fin de journ\u00e9e, le confort et la s\u00e9curit\u00e9 d\u2019un refuge surveill\u00e9, est un privil\u00e8ge \u00e0 votre port\u00e9e.<\/p>\t\t\t\t\t\t\t\t<\/div>\n\t\t\t\t<\/div>\n\t\t\t\t\t<\/div>\n\t\t\t\t<\/div>\n\t\t<div class=\"elementor-element elementor-element-c754f6d e-flex e-con-boxed e-con e-parent\" data-id=\"c754f6d\" data-element_type=\"container\" data-e-type=\"container\">\n\t\t\t\t\t<div class=\"e-con-inner\">\n\t\t<div class=\"elementor-element elementor-element-f6f6e45 e-con-full e-flex e-con e-child\" data-id=\"f6f6e45\" data-element_type=\"container\" data-e-type=\"container\">\n\t\t\t\t<div class=\"elementor-element elementor-element-9f791f5 elementor-widget elementor-widget-image\" data-id=\"9f791f5\" data-element_type=\"widget\" data-e-type=\"widget\" data-widget_type=\"image.default\">\n\t\t\t\t<div class=\"elementor-widget-container\">\n\t\t\t\t\t\t\t\t\t\t\t\t\t\t\t<img fetchpriority=\"high\" decoding=\"async\" width=\"1024\" height=\"372\" src=\"https:\/\/amitges.com\/wp-content\/uploads\/esqui_pics.jpg\" class=\"attachment-full size-full wp-image-5245\" alt=\"Ski et raquettes\" data-responsive-images=\"false\" \/>\t\t\t\t\t\t\t\t\t\t\t\t\t\t\t<\/div>\n\t\t\t\t<\/div>\n\t\t\t\t<div class=\"elementor-element elementor-element-c897e34 elementor-widget elementor-widget-n-accordion\" data-id=\"c897e34\" data-element_type=\"widget\" data-e-type=\"widget\" data-settings=\"{&quot;default_state&quot;:&quot;all_collapsed&quot;,&quot;max_items_expended&quot;:&quot;one&quot;,&quot;n_accordion_animation_duration&quot;:{&quot;unit&quot;:&quot;ms&quot;,&quot;size&quot;:400,&quot;sizes&quot;:[]}}\" data-widget_type=\"nested-accordion.default\">\n\t\t\t\t<div class=\"elementor-widget-container\">\n\t\t\t\t\t\t\t<div class=\"e-n-accordion\" aria-label=\"Accordion. Open links with Enter or Space, close with Escape, and navigate with Arrow Keys\">\n\t\t\t\t\t\t<details id=\"e-n-accordion-item-2100\" class=\"e-n-accordion-item\" >\n\t\t\t\t<summary class=\"e-n-accordion-item-title\" data-accordion-index=\"1\" tabindex=\"0\" aria-expanded=\"false\" aria-controls=\"e-n-accordion-item-2100\" >\n\t\t\t\t\t<span class='e-n-accordion-item-title-header'><div class=\"e-n-accordion-item-title-text\"> Ascensions aux sommets <\/div><\/span>\n\t\t\t\t\t\t\t<span class='e-n-accordion-item-title-icon'>\n\t\t\t<span class='e-opened' ><svg aria-hidden=\"true\" class=\"e-font-icon-svg e-fas-minus\" viewBox=\"0 0 448 512\" xmlns=\"http:\/\/www.w3.org\/2000\/svg\"><path d=\"M416 208H32c-17.67 0-32 14.33-32 32v32c0 17.67 14.33 32 32 32h384c17.67 0 32-14.33 32-32v-32c0-17.67-14.33-32-32-32z\"><\/path><\/svg><\/span>\n\t\t\t<span class='e-closed'><svg aria-hidden=\"true\" class=\"e-font-icon-svg e-fas-plus\" viewBox=\"0 0 448 512\" xmlns=\"http:\/\/www.w3.org\/2000\/svg\"><path d=\"M416 208H272V64c0-17.67-14.33-32-32-32h-32c-17.67 0-32 14.33-32 32v144H32c-17.67 0-32 14.33-32 32v32c0 17.67 14.33 32 32 32h144v144c0 17.67 14.33 32 32 32h32c17.67 0 32-14.33 32-32V304h144c17.67 0 32-14.33 32-32v-32c0-17.67-14.33-32-32-32z\"><\/path><\/svg><\/span>\n\t\t<\/span>\n\n\t\t\t\t\t\t<\/summary>\n\t\t\t\t<div role=\"region\" aria-labelledby=\"e-n-accordion-item-2100\" class=\"elementor-element elementor-element-1e13a49 e-con-full e-flex e-con e-child\" data-id=\"1e13a49\" data-element_type=\"container\" data-e-type=\"container\">\n\t\t\t\t<div class=\"elementor-element elementor-element-afda62f elementor-widget elementor-widget-text-editor\" data-id=\"afda62f\" data-element_type=\"widget\" data-e-type=\"widget\" data-widget_type=\"text-editor.default\">\n\t\t\t\t<div class=\"elementor-widget-container\">\n\t\t\t\t\t\t\t\t\t<p>Dur\u00e9e approximative de l\u2019aller-retour au refuge \u00e0 skis :<\/p><ul><li><strong>Pic d\u2019Amitges et tuc de Saboredo<\/strong> (3 h)<\/li><li><strong>Tuc de Berg\u00fas<\/strong> (3 h)<\/li><li><strong>Tuc de Ratera<\/strong> (3 h)<\/li><li><strong>Pic del Portarr\u00f3 i Agulla del Portarr\u00f3<\/strong> (5 h)<\/li><li><strong>Bassiero Oriental<\/strong> (5 h)<\/li><li><strong>Pic de Subenuix<\/strong> (6 h)<\/li><li><strong>Gran Tuc de Colomers<\/strong> (7 h)<\/li><li><strong>Pic de Peguera<\/strong> (7 h)<\/li><\/ul>\t\t\t\t\t\t\t\t<\/div>\n\t\t\t\t<\/div>\n\t\t\t\t<\/div>\n\t\t\t\t\t<\/details>\n\t\t\t\t\t<\/div>\n\t\t\t\t\t\t<\/div>\n\t\t\t\t<\/div>\n\t\t\t\t<\/div>\n\t\t<div class=\"elementor-element elementor-element-91c0044 e-con-full e-flex e-con e-child\" data-id=\"91c0044\" data-element_type=\"container\" data-e-type=\"container\">\n\t\t\t\t<div class=\"elementor-element elementor-element-8fc24b6 elementor-widget elementor-widget-image\" data-id=\"8fc24b6\" data-element_type=\"widget\" data-e-type=\"widget\" data-widget_type=\"image.default\">\n\t\t\t\t<div class=\"elementor-widget-container\">\n\t\t\t\t\t\t\t\t\t\t\t\t\t\t\t<img decoding=\"async\" width=\"1024\" height=\"372\" src=\"https:\/\/amitges.com\/wp-content\/uploads\/Excursions_refugis.jpg\" class=\"attachment-full size-full wp-image-5223\" alt=\"Ski et raquettes\" data-responsive-images=\"false\" \/>\t\t\t\t\t\t\t\t\t\t\t\t\t\t\t<\/div>\n\t\t\t\t<\/div>\n\t\t\t\t<div class=\"elementor-element elementor-element-8de7212 elementor-widget elementor-widget-n-accordion\" data-id=\"8de7212\" data-element_type=\"widget\" data-e-type=\"widget\" data-settings=\"{&quot;default_state&quot;:&quot;all_collapsed&quot;,&quot;max_items_expended&quot;:&quot;one&quot;,&quot;n_accordion_animation_duration&quot;:{&quot;unit&quot;:&quot;ms&quot;,&quot;size&quot;:400,&quot;sizes&quot;:[]}}\" data-widget_type=\"nested-accordion.default\">\n\t\t\t\t<div class=\"elementor-widget-container\">\n\t\t\t\t\t\t\t<div class=\"e-n-accordion\" aria-label=\"Accordion. Open links with Enter or Space, close with Escape, and navigate with Arrow Keys\">\n\t\t\t\t\t\t<details id=\"e-n-accordion-item-1480\" class=\"e-n-accordion-item\" >\n\t\t\t\t<summary class=\"e-n-accordion-item-title\" data-accordion-index=\"1\" tabindex=\"0\" aria-expanded=\"false\" aria-controls=\"e-n-accordion-item-1480\" >\n\t\t\t\t\t<span class='e-n-accordion-item-title-header'><div class=\"e-n-accordion-item-title-text\"> Excursions vers d\u2019autres refuges <\/div><\/span>\n\t\t\t\t\t\t\t<span class='e-n-accordion-item-title-icon'>\n\t\t\t<span class='e-opened' ><svg aria-hidden=\"true\" class=\"e-font-icon-svg e-fas-minus\" viewBox=\"0 0 448 512\" xmlns=\"http:\/\/www.w3.org\/2000\/svg\"><path d=\"M416 208H32c-17.67 0-32 14.33-32 32v32c0 17.67 14.33 32 32 32h384c17.67 0 32-14.33 32-32v-32c0-17.67-14.33-32-32-32z\"><\/path><\/svg><\/span>\n\t\t\t<span class='e-closed'><svg aria-hidden=\"true\" class=\"e-font-icon-svg e-fas-plus\" viewBox=\"0 0 448 512\" xmlns=\"http:\/\/www.w3.org\/2000\/svg\"><path d=\"M416 208H272V64c0-17.67-14.33-32-32-32h-32c-17.67 0-32 14.33-32 32v144H32c-17.67 0-32 14.33-32 32v32c0 17.67 14.33 32 32 32h144v144c0 17.67 14.33 32 32 32h32c17.67 0 32-14.33 32-32V304h144c17.67 0 32-14.33 32-32v-32c0-17.67-14.33-32-32-32z\"><\/path><\/svg><\/span>\n\t\t<\/span>\n\n\t\t\t\t\t\t<\/summary>\n\t\t\t\t<div role=\"region\" aria-labelledby=\"e-n-accordion-item-1480\" class=\"elementor-element elementor-element-f32d01e e-con-full e-flex e-con e-child\" data-id=\"f32d01e\" data-element_type=\"container\" data-e-type=\"container\">\n\t\t\t\t<div class=\"elementor-element elementor-element-f5b8d31 elementor-widget elementor-widget-text-editor\" data-id=\"f5b8d31\" data-element_type=\"widget\" data-e-type=\"widget\" data-widget_type=\"text-editor.default\">\n\t\t\t\t<div class=\"elementor-widget-container\">\n\t\t\t\t\t\t\t\t\t<p>Dur\u00e9e approximative de l\u2019aller-retour au refuge \u00e0 skis :<\/p><ul><li><strong>Refugi Ernest Mallafr\u00e9<\/strong> (1 h)<\/li><li><strong>Refugi Saboredo<\/strong> (2 h)<\/li><li><strong>Refugi Colom\u00e8rs<\/strong> (2.30 h)<\/li><li><strong>Refugi d\u2019Estany Llong<\/strong> (2.30 h)<\/li><li><strong>Refugi Colomina<\/strong> (4 h)<\/li><li><strong>Refugi Josep Maria Blanc<\/strong> (4 h)<\/li><li><strong>Refugi Restanca<\/strong> (5 h)<\/li><li><strong>Refugi Ventosa i Calvell<\/strong> (5 h)<\/li><\/ul>\t\t\t\t\t\t\t\t<\/div>\n\t\t\t\t<\/div>\n\t\t\t\t<\/div>\n\t\t\t\t\t<\/details>\n\t\t\t\t\t<\/div>\n\t\t\t\t\t\t<\/div>\n\t\t\t\t<\/div>\n\t\t\t\t<\/div>\n\t\t\t\t\t<\/div>\n\t\t\t\t<\/div>\n\t\t<div class=\"elementor-element elementor-element-67c8ded e-flex e-con-boxed e-con e-parent\" data-id=\"67c8ded\" data-element_type=\"container\" data-e-type=\"container\">\n\t\t\t\t\t<div class=\"e-con-inner\">\n\t\t\t\t<div class=\"elementor-element elementor-element-5da91e1 elementor-widget-divider--view-line elementor-widget elementor-widget-divider\" data-id=\"5da91e1\" data-element_type=\"widget\" data-e-type=\"widget\" data-widget_type=\"divider.default\">\n\t\t\t\t<div class=\"elementor-widget-container\">\n\t\t\t\t\t\t\t<div class=\"elementor-divider\">\n\t\t\t<span class=\"elementor-divider-separator\">\n\t\t\t\t\t\t<\/span>\n\t\t<\/div>\n\t\t\t\t\t\t<\/div>\n\t\t\t\t<\/div>\n\t\t\t\t<div class=\"elementor-element elementor-element-557b94d elementor-widget elementor-widget-heading\" data-id=\"557b94d\" data-element_type=\"widget\" data-e-type=\"widget\" data-widget_type=\"heading.default\">\n\t\t\t\t<div class=\"elementor-widget-container\">\n\t\t\t\t\t<h3 class=\"elementor-heading-title elementor-size-default\">Galerie photos<\/h3>\t\t\t\t<\/div>\n\t\t\t\t<\/div>\n\t\t\t\t<div class=\"elementor-element elementor-element-d95829a elementor-widget elementor-widget-image-gallery\" data-id=\"d95829a\" data-element_type=\"widget\" data-e-type=\"widget\" data-widget_type=\"image-gallery.default\">\n\t\t\t\t<div class=\"elementor-widget-container\">\n\t\t\t\t\t\t\t<div class=\"elementor-image-gallery\">\n\t\t\t<div id='gallery-1' class='gallery galleryid-3439 gallery-columns-3 gallery-size-full'><figure class='gallery-item'>\n\t\t\t<div class='gallery-icon portrait'>\n\t\t\t\t<a data-elementor-open-lightbox=\"yes\" data-elementor-lightbox-slideshow=\"d95829a\" data-elementor-lightbox-title=\"pujant amb els esquis\" data-e-action-hash=\"#elementor-action%3Aaction%3Dlightbox%26settings%3DeyJpZCI6NDE5OSwidXJsIjoiaHR0cHM6XC9cL2FtaXRnZXMuY29tXC93cC1jb250ZW50XC91cGxvYWRzXC9wdWphbnQtYW1iLWVscy1lc3F1aXMuanBnIiwic2xpZGVzaG93IjoiZDk1ODI5YSJ9\" href='https:\/\/amitges.com\/wp-content\/uploads\/pujant-amb-els-esquis.jpg'><img decoding=\"async\" width=\"512\" height=\"768\" src=\"https:\/\/amitges.com\/wp-content\/uploads\/pujant-amb-els-esquis.jpg\" class=\"attachment-full size-full\" alt=\"Ski et raquettes\" data-responsive-images=\"false\" \/><\/a>\n\t\t\t<\/div><\/figure><figure class='gallery-item'>\n\t\t\t<div class='gallery-icon portrait'>\n\t\t\t\t<a data-elementor-open-lightbox=\"yes\" data-elementor-lightbox-slideshow=\"d95829a\" data-elementor-lightbox-title=\"esqui muntanya\" data-e-action-hash=\"#elementor-action%3Aaction%3Dlightbox%26settings%3DeyJpZCI6NDIxMSwidXJsIjoiaHR0cHM6XC9cL2FtaXRnZXMuY29tXC93cC1jb250ZW50XC91cGxvYWRzXC9lc3F1aS1tdW50YW55YS0yLmpwZyIsInNsaWRlc2hvdyI6ImQ5NTgyOWEifQ%3D%3D\" href='https:\/\/amitges.com\/wp-content\/uploads\/esqui-muntanya-2.jpg'><img loading=\"lazy\" decoding=\"async\" width=\"512\" height=\"768\" src=\"https:\/\/amitges.com\/wp-content\/uploads\/esqui-muntanya-2.jpg\" class=\"attachment-full size-full\" alt=\"Ski et raquettes\" data-responsive-images=\"false\" \/><\/a>\n\t\t\t<\/div><\/figure><figure class='gallery-item'>\n\t\t\t<div class='gallery-icon portrait'>\n\t\t\t\t<a data-elementor-open-lightbox=\"yes\" data-elementor-lightbox-slideshow=\"d95829a\" data-elementor-lightbox-title=\"esqui i raquetes pel bosc\" data-e-action-hash=\"#elementor-action%3Aaction%3Dlightbox%26settings%3DeyJpZCI6NDIwNywidXJsIjoiaHR0cHM6XC9cL2FtaXRnZXMuY29tXC93cC1jb250ZW50XC91cGxvYWRzXC9lc3F1aS1pLXJhcXVldGVzLXBlbC1ib3NjLTEuanBnIiwic2xpZGVzaG93IjoiZDk1ODI5YSJ9\" href='https:\/\/amitges.com\/wp-content\/uploads\/esqui-i-raquetes-pel-bosc-1.jpg'><img loading=\"lazy\" decoding=\"async\" width=\"512\" height=\"768\" src=\"https:\/\/amitges.com\/wp-content\/uploads\/esqui-i-raquetes-pel-bosc-1.jpg\" class=\"attachment-full size-full\" alt=\"Ski et raquettes\" data-responsive-images=\"false\" \/><\/a>\n\t\t\t<\/div><\/figure>\n\t\t<\/div>\n\t\t<\/div>\n\t\t\t\t\t\t<\/div>\n\t\t\t\t<\/div>\n\t\t\t\t\t<\/div>\n\t\t\t\t<\/div>\n\t\t\t\t<\/div>\n\t\t","protected":false},"excerpt":{"rendered":"<p>En hiver, le refuge est ouvert plusieurs jours en f\u00e9vrier et mars, co\u00efncidant avec les vacances scolaires en France. Il est \u00e9galement ouvert pendant la plupart des ponts, pour P\u00e2ques et sur r\u00e9servation. Pendant cette saison, le relief est recouvert de neige, ce qui permet de faire des randonn\u00e9es en ski de montagne et en [&hellip;]<\/p>\n","protected":false},"author":6,"featured_media":0,"parent":0,"menu_order":0,"comment_status":"closed","ping_status":"closed","template":"page-vc.php","meta":{"footnotes":""},"class_list":["post-3439","page","type-page","status-publish","hentry"],"_links":{"self":[{"href":"https:\/\/amitges.com\/fr\/wp-json\/wp\/v2\/pages\/3439","targetHints":{"allow":["GET"]}}],"collection":[{"href":"https:\/\/amitges.com\/fr\/wp-json\/wp\/v2\/pages"}],"about":[{"href":"https:\/\/amitges.com\/fr\/wp-json\/wp\/v2\/types\/page"}],"author":[{"embeddable":true,"href":"https:\/\/amitges.com\/fr\/wp-json\/wp\/v2\/users\/6"}],"replies":[{"embeddable":true,"href":"https:\/\/amitges.com\/fr\/wp-json\/wp\/v2\/comments?post=3439"}],"version-history":[{"count":8,"href":"https:\/\/amitges.com\/fr\/wp-json\/wp\/v2\/pages\/3439\/revisions"}],"predecessor-version":[{"id":5705,"href":"https:\/\/amitges.com\/fr\/wp-json\/wp\/v2\/pages\/3439\/revisions\/5705"}],"wp:attachment":[{"href":"https:\/\/amitges.com\/fr\/wp-json\/wp\/v2\/media?parent=3439"}],"curies":[{"name":"wp","href":"https:\/\/api.w.org\/{rel}","templated":true}]}}