{"id":3453,"date":"2019-05-08T14:53:50","date_gmt":"2019-05-08T12:53:50","guid":{"rendered":"http:\/\/localhost\/amitges?page_id=3453"},"modified":"2024-12-11T13:13:08","modified_gmt":"2024-12-11T11:13:08","slug":"excursions","status":"publish","type":"page","link":"https:\/\/amitges.com\/fr\/excursions\/","title":{"rendered":"Excursions"},"content":{"rendered":"\t\t<div data-elementor-type=\"wp-page\" data-elementor-id=\"3453\" class=\"elementor elementor-3453 elementor-2484\">\n\t\t\t\t<div class=\"elementor-element elementor-element-e46ce4c e-flex e-con-boxed e-con e-parent\" data-id=\"e46ce4c\" data-element_type=\"container\" data-e-type=\"container\">\n\t\t\t\t\t<div class=\"e-con-inner\">\n\t\t\t\t<div class=\"elementor-element elementor-element-9059788 elementor-widget elementor-widget-text-editor\" data-id=\"9059788\" data-element_type=\"widget\" data-e-type=\"widget\" data-widget_type=\"text-editor.default\">\n\t\t\t\t<div class=\"elementor-widget-container\">\n\t\t\t\t\t\t\t\t\t<p>Le refuge d\u2019Amitges est le point de d\u00e9part de nombreuses excursions \u00e0 faire dans cette r\u00e9gion de haute montagne qui regorge d\u2019\u00e9tangs, de ruisseaux, de for\u00eats de pins noirs, de p\u00e2turages alpins, avec des cr\u00eates, des \u00e9boulis granitiques, de petits glaciers, etc.<\/p><p>Dans ce site, au milieu du Parc national d\u2019Aig\u00fcestortes i Estany de Sant\u00a0Maurici, vous pourrez observer des esp\u00e8ces de faune adapt\u00e9es \u00e0 l\u2019altitude\u00a0: chamois, marmottes, hermines, gypa\u00e8te barbu, perdrix blanche, etc., ainsi que des plantes recouvertes de neige la plupart des hivers\u00a0: gentianes, rhododendrons, lis martagon, bugles, etc.<\/p>\t\t\t\t\t\t\t\t<\/div>\n\t\t\t\t<\/div>\n\t\t\t\t\t<\/div>\n\t\t\t\t<\/div>\n\t\t<div class=\"elementor-element elementor-element-d3df0ef e-flex e-con-boxed e-con e-parent\" data-id=\"d3df0ef\" data-element_type=\"container\" data-e-type=\"container\">\n\t\t\t\t\t<div class=\"e-con-inner\">\n\t\t<div class=\"elementor-element elementor-element-8fa6e6c e-con-full e-flex e-con e-child\" data-id=\"8fa6e6c\" data-element_type=\"container\" data-e-type=\"container\">\n\t\t\t\t<div class=\"elementor-element elementor-element-e7fc2d7 elementor-widget elementor-widget-image\" data-id=\"e7fc2d7\" data-element_type=\"widget\" data-e-type=\"widget\" data-widget_type=\"image.default\">\n\t\t\t\t<div class=\"elementor-widget-container\">\n\t\t\t\t\t\t\t\t\t\t\t\t\t\t\t<img fetchpriority=\"high\" decoding=\"async\" width=\"1024\" height=\"372\" src=\"https:\/\/amitges.com\/wp-content\/uploads\/Excursions_amitges.jpg\" class=\"attachment-full size-full wp-image-5203\" alt=\"Excursions\" data-responsive-images=\"false\" \/>\t\t\t\t\t\t\t\t\t\t\t\t\t\t\t<\/div>\n\t\t\t\t<\/div>\n\t\t\t\t<div class=\"elementor-element elementor-element-100064f elementor-widget elementor-widget-n-accordion\" data-id=\"100064f\" data-element_type=\"widget\" data-e-type=\"widget\" data-settings=\"{&quot;default_state&quot;:&quot;all_collapsed&quot;,&quot;max_items_expended&quot;:&quot;one&quot;,&quot;n_accordion_animation_duration&quot;:{&quot;unit&quot;:&quot;ms&quot;,&quot;size&quot;:400,&quot;sizes&quot;:[]}}\" data-widget_type=\"nested-accordion.default\">\n\t\t\t\t<div class=\"elementor-widget-container\">\n\t\t\t\t\t\t\t<div class=\"e-n-accordion\" aria-label=\"Accordion. Open links with Enter or Space, close with Escape, and navigate with Arrow Keys\">\n\t\t\t\t\t\t<details id=\"e-n-accordion-item-1670\" class=\"e-n-accordion-item\" >\n\t\t\t\t<summary class=\"e-n-accordion-item-title\" data-accordion-index=\"1\" tabindex=\"0\" aria-expanded=\"false\" aria-controls=\"e-n-accordion-item-1670\" >\n\t\t\t\t\t<span class='e-n-accordion-item-title-header'><div class=\"e-n-accordion-item-title-text\"> Ascensions aux sommets <\/div><\/span>\n\t\t\t\t\t\t\t<span class='e-n-accordion-item-title-icon'>\n\t\t\t<span class='e-opened' ><svg aria-hidden=\"true\" class=\"e-font-icon-svg e-fas-minus\" viewBox=\"0 0 448 512\" xmlns=\"http:\/\/www.w3.org\/2000\/svg\"><path d=\"M416 208H32c-17.67 0-32 14.33-32 32v32c0 17.67 14.33 32 32 32h384c17.67 0 32-14.33 32-32v-32c0-17.67-14.33-32-32-32z\"><\/path><\/svg><\/span>\n\t\t\t<span class='e-closed'><svg aria-hidden=\"true\" class=\"e-font-icon-svg e-fas-plus\" viewBox=\"0 0 448 512\" xmlns=\"http:\/\/www.w3.org\/2000\/svg\"><path d=\"M416 208H272V64c0-17.67-14.33-32-32-32h-32c-17.67 0-32 14.33-32 32v144H32c-17.67 0-32 14.33-32 32v32c0 17.67 14.33 32 32 32h144v144c0 17.67 14.33 32 32 32h32c17.67 0 32-14.33 32-32V304h144c17.67 0 32-14.33 32-32v-32c0-17.67-14.33-32-32-32z\"><\/path><\/svg><\/span>\n\t\t<\/span>\n\n\t\t\t\t\t\t<\/summary>\n\t\t\t\t<div role=\"region\" aria-labelledby=\"e-n-accordion-item-1670\" class=\"elementor-element elementor-element-3679d18 e-con-full e-flex e-con e-child\" data-id=\"3679d18\" data-element_type=\"container\" data-e-type=\"container\">\n\t\t\t\t<div class=\"elementor-element elementor-element-1148f46 elementor-widget elementor-widget-text-editor\" data-id=\"1148f46\" data-element_type=\"widget\" data-e-type=\"widget\" data-widget_type=\"text-editor.default\">\n\t\t\t\t<div class=\"elementor-widget-container\">\n\t\t\t\t\t\t\t\t\t<ul><li><strong>Agulla Gran d\u2019Amitges<\/strong> &#8211; 2.30 h<\/li><li><strong>Pic d\u2019Amitges et Tuc de Saboredo<\/strong> &#8211; 4 h<\/li><li><strong>Bassiero Occidental<\/strong> &#8211; 4.30 h<\/li><li><strong>Pic del Portarr\u00f3 et Agulla del Portarr\u00f3<\/strong> &#8211; 5 h<\/li><li><strong>Pui Pla ou de l\u2019Ordigal<\/strong> &#8211; 5 h<\/li><li><strong>Tuc de Ratera<\/strong> &#8211; 5 h<\/li><li><strong>Bassiero Oriental<\/strong> &#8211; 7 h<\/li><li><strong>Pic de Subenuix<\/strong> &#8211; 8 h<\/li><li><strong>Gran Encantat<\/strong> &#8211; 8 h<\/li><li><strong>Gran Tuc de Colomers<\/strong> &#8211; 9 h<\/li><li><strong>Pic de Peguera<\/strong> &#8211; 9 h<\/li><\/ul>\t\t\t\t\t\t\t\t<\/div>\n\t\t\t\t<\/div>\n\t\t\t\t<\/div>\n\t\t\t\t\t<\/details>\n\t\t\t\t\t<\/div>\n\t\t\t\t\t\t<\/div>\n\t\t\t\t<\/div>\n\t\t\t\t<\/div>\n\t\t<div class=\"elementor-element elementor-element-8415454 e-con-full e-flex e-con e-child\" data-id=\"8415454\" data-element_type=\"container\" data-e-type=\"container\">\n\t\t\t\t<div class=\"elementor-element elementor-element-6534dbe elementor-widget elementor-widget-image\" data-id=\"6534dbe\" data-element_type=\"widget\" data-e-type=\"widget\" data-widget_type=\"image.default\">\n\t\t\t\t<div class=\"elementor-widget-container\">\n\t\t\t\t\t\t\t\t\t\t\t\t\t\t\t<img decoding=\"async\" width=\"1024\" height=\"372\" src=\"https:\/\/amitges.com\/wp-content\/uploads\/Excursions_refugis.jpg\" class=\"attachment-full size-full wp-image-5223\" alt=\"Excursions\" data-responsive-images=\"false\" \/>\t\t\t\t\t\t\t\t\t\t\t\t\t\t\t<\/div>\n\t\t\t\t<\/div>\n\t\t\t\t<div class=\"elementor-element elementor-element-14d86de elementor-widget elementor-widget-n-accordion\" data-id=\"14d86de\" data-element_type=\"widget\" data-e-type=\"widget\" data-settings=\"{&quot;default_state&quot;:&quot;all_collapsed&quot;,&quot;max_items_expended&quot;:&quot;one&quot;,&quot;n_accordion_animation_duration&quot;:{&quot;unit&quot;:&quot;ms&quot;,&quot;size&quot;:400,&quot;sizes&quot;:[]}}\" data-widget_type=\"nested-accordion.default\">\n\t\t\t\t<div class=\"elementor-widget-container\">\n\t\t\t\t\t\t\t<div class=\"e-n-accordion\" aria-label=\"Accordion. Open links with Enter or Space, close with Escape, and navigate with Arrow Keys\">\n\t\t\t\t\t\t<details id=\"e-n-accordion-item-2180\" class=\"e-n-accordion-item\" >\n\t\t\t\t<summary class=\"e-n-accordion-item-title\" data-accordion-index=\"1\" tabindex=\"0\" aria-expanded=\"false\" aria-controls=\"e-n-accordion-item-2180\" >\n\t\t\t\t\t<span class='e-n-accordion-item-title-header'><div class=\"e-n-accordion-item-title-text\"> Excursions vers d\u2019autres refuges <\/div><\/span>\n\t\t\t\t\t\t\t<span class='e-n-accordion-item-title-icon'>\n\t\t\t<span class='e-opened' ><svg aria-hidden=\"true\" class=\"e-font-icon-svg e-fas-minus\" viewBox=\"0 0 448 512\" xmlns=\"http:\/\/www.w3.org\/2000\/svg\"><path d=\"M416 208H32c-17.67 0-32 14.33-32 32v32c0 17.67 14.33 32 32 32h384c17.67 0 32-14.33 32-32v-32c0-17.67-14.33-32-32-32z\"><\/path><\/svg><\/span>\n\t\t\t<span class='e-closed'><svg aria-hidden=\"true\" class=\"e-font-icon-svg e-fas-plus\" viewBox=\"0 0 448 512\" xmlns=\"http:\/\/www.w3.org\/2000\/svg\"><path d=\"M416 208H272V64c0-17.67-14.33-32-32-32h-32c-17.67 0-32 14.33-32 32v144H32c-17.67 0-32 14.33-32 32v32c0 17.67 14.33 32 32 32h144v144c0 17.67 14.33 32 32 32h32c17.67 0 32-14.33 32-32V304h144c17.67 0 32-14.33 32-32v-32c0-17.67-14.33-32-32-32z\"><\/path><\/svg><\/span>\n\t\t<\/span>\n\n\t\t\t\t\t\t<\/summary>\n\t\t\t\t<div role=\"region\" aria-labelledby=\"e-n-accordion-item-2180\" class=\"elementor-element elementor-element-18961ed e-con-full e-flex e-con e-child\" data-id=\"18961ed\" data-element_type=\"container\" data-e-type=\"container\">\n\t\t\t\t<div class=\"elementor-element elementor-element-9973632 elementor-widget elementor-widget-text-editor\" data-id=\"9973632\" data-element_type=\"widget\" data-e-type=\"widget\" data-widget_type=\"text-editor.default\">\n\t\t\t\t<div class=\"elementor-widget-container\">\n\t\t\t\t\t\t\t\t\t<ul><li><strong>Refugi Ernest Mallafr\u00e9<\/strong> &#8211; 2 h<\/li><li><strong>Refugi Josep Maria Blanc<\/strong> &#8211; 5 h<\/li><li><strong>Refugi Saboredo<\/strong> &#8211; 2.30 h<\/li><li><strong>Refugi Restanca<\/strong> &#8211; 6 h<\/li><li><strong>Refugi Colom\u00e8rs<\/strong> &#8211; 3 h<\/li><li><strong>Refugi Ventosa i Calvell<\/strong> &#8211; 6 h<\/li><li><strong>Refugi d\u2019Estany Llong<\/strong> &#8211; 3 h<\/li><li><strong>Refugi Pla de la Font<\/strong> &#8211; 6 h<\/li><li><strong>Refugi Colomina<\/strong> &#8211; 5 h<\/li><\/ul>\t\t\t\t\t\t\t\t<\/div>\n\t\t\t\t<\/div>\n\t\t\t\t<\/div>\n\t\t\t\t\t<\/details>\n\t\t\t\t\t<\/div>\n\t\t\t\t\t\t<\/div>\n\t\t\t\t<\/div>\n\t\t\t\t<\/div>\n\t\t\t\t\t<\/div>\n\t\t\t\t<\/div>\n\t\t<div class=\"elementor-element elementor-element-9b9d26d e-flex e-con-boxed e-con e-parent\" data-id=\"9b9d26d\" data-element_type=\"container\" data-e-type=\"container\">\n\t\t\t\t\t<div class=\"e-con-inner\">\n\t\t<div class=\"elementor-element elementor-element-8084257 e-con-full e-flex e-con e-child\" data-id=\"8084257\" data-element_type=\"container\" data-e-type=\"container\">\n\t\t\t\t<div class=\"elementor-element elementor-element-a099fb7 elementor-widget elementor-widget-image\" data-id=\"a099fb7\" data-element_type=\"widget\" data-e-type=\"widget\" data-widget_type=\"image.default\">\n\t\t\t\t<div class=\"elementor-widget-container\">\n\t\t\t\t\t\t\t\t\t\t\t\t\t\t\t<img decoding=\"async\" width=\"1024\" height=\"381\" src=\"https:\/\/amitges.com\/wp-content\/uploads\/forfet.jpg\" class=\"attachment-full size-full wp-image-5228\" alt=\"Excursions\" data-responsive-images=\"false\" \/>\t\t\t\t\t\t\t\t\t\t\t\t\t\t\t<\/div>\n\t\t\t\t<\/div>\n\t\t\t\t<div class=\"elementor-element elementor-element-1c55787 elementor-widget elementor-widget-n-accordion\" data-id=\"1c55787\" data-element_type=\"widget\" data-e-type=\"widget\" data-settings=\"{&quot;default_state&quot;:&quot;all_collapsed&quot;,&quot;max_items_expended&quot;:&quot;one&quot;,&quot;n_accordion_animation_duration&quot;:{&quot;unit&quot;:&quot;ms&quot;,&quot;size&quot;:400,&quot;sizes&quot;:[]}}\" data-widget_type=\"nested-accordion.default\">\n\t\t\t\t<div class=\"elementor-widget-container\">\n\t\t\t\t\t\t\t<div class=\"e-n-accordion\" aria-label=\"Accordion. Open links with Enter or Space, close with Escape, and navigate with Arrow Keys\">\n\t\t\t\t\t\t<details id=\"e-n-accordion-item-2970\" class=\"e-n-accordion-item\" >\n\t\t\t\t<summary class=\"e-n-accordion-item-title\" data-accordion-index=\"1\" tabindex=\"0\" aria-expanded=\"false\" aria-controls=\"e-n-accordion-item-2970\" >\n\t\t\t\t\t<span class='e-n-accordion-item-title-header'><div class=\"e-n-accordion-item-title-text\"> Carros de foc <\/div><\/span>\n\t\t\t\t\t\t\t<span class='e-n-accordion-item-title-icon'>\n\t\t\t<span class='e-opened' ><svg aria-hidden=\"true\" class=\"e-font-icon-svg e-fas-minus\" viewBox=\"0 0 448 512\" xmlns=\"http:\/\/www.w3.org\/2000\/svg\"><path d=\"M416 208H32c-17.67 0-32 14.33-32 32v32c0 17.67 14.33 32 32 32h384c17.67 0 32-14.33 32-32v-32c0-17.67-14.33-32-32-32z\"><\/path><\/svg><\/span>\n\t\t\t<span class='e-closed'><svg aria-hidden=\"true\" class=\"e-font-icon-svg e-fas-plus\" viewBox=\"0 0 448 512\" xmlns=\"http:\/\/www.w3.org\/2000\/svg\"><path d=\"M416 208H272V64c0-17.67-14.33-32-32-32h-32c-17.67 0-32 14.33-32 32v144H32c-17.67 0-32 14.33-32 32v32c0 17.67 14.33 32 32 32h144v144c0 17.67 14.33 32 32 32h32c17.67 0 32-14.33 32-32V304h144c17.67 0 32-14.33 32-32v-32c0-17.67-14.33-32-32-32z\"><\/path><\/svg><\/span>\n\t\t<\/span>\n\n\t\t\t\t\t\t<\/summary>\n\t\t\t\t<div role=\"region\" aria-labelledby=\"e-n-accordion-item-2970\" class=\"elementor-element elementor-element-c643eaf e-con-full e-flex e-con e-child\" data-id=\"c643eaf\" data-element_type=\"container\" data-e-type=\"container\">\n\t\t\t\t<div class=\"elementor-element elementor-element-a565aef elementor-widget elementor-widget-text-editor\" data-id=\"a565aef\" data-element_type=\"widget\" data-e-type=\"widget\" data-widget_type=\"text-editor.default\">\n\t\t\t\t<div class=\"elementor-widget-container\">\n\t\t\t\t\t\t\t\t\t<div class=\"wpb_text_column wpb_content_element vc_custom_1571850400180\" data-animation-delay=\"0\"><div class=\"wpb_wrapper\"><p>Il s\u2019agit de la travers\u00e9e reliant les 11 refuges gard\u00e9s du parc :<\/p><p><strong>Amitges<\/strong>,\u00a0<a href=\"https:\/\/www.refusaboredo.com\/\" target=\"_blank\" rel=\"noreferrer noopener\">Saboredo<\/a>,\u00a0<a href=\"http:\/\/www.refugicolomers.com\/\" target=\"_blank\" rel=\"noreferrer noopener\">Colomers<\/a>,\u00a0<a href=\"http:\/\/www.restanca.com\/\" target=\"_blank\" rel=\"noreferrer noopener\">Restanca<\/a>,\u00a0<a href=\"http:\/\/www.refugiventosa.com\/\" target=\"_blank\" rel=\"noreferrer noopener\">Ventosa i Calvell<\/a>,\u00a0<a href=\"http:\/\/www.lacentralderefugis.com\/index.php?option=com_wrapper&amp;Itemid=208\" target=\"_blank\" rel=\"noreferrer noopener\">Estany Llong<\/a>,\u00a0<a href=\"http:\/\/www.refusonline.com\/\" target=\"_blank\" rel=\"noreferrer noopener\">Colomina<\/a>,\u00a0<a href=\"http:\/\/www.jmblanc.com\/\" target=\"_blank\" rel=\"noopener noreferrer\">Josep Maria Blanc<\/a>, <a href=\"http:\/\/www.lacentralderefugis.com\/index.php?option=com_wrapper&amp;Itemid=207\" target=\"_blank\" rel=\"noreferrer noopener\">Ernest Mallafr\u00e9<\/a>, <a href=\"http:\/\/pladelafont.com\/index.php\/ca\/\" target=\"_blank\" rel=\"noreferrer noopener\">Pla de la Font<\/a> et <a href=\"https:\/\/refugidelgerdar.com\/\" target=\"_blank\" rel=\"noopener noreferrer\">Gerdar<\/a>.<\/p><p>Il existe plusieurs modalit\u00e9s de travers\u00e9e (Open, Open Plus, <em>Carros de Foc<\/em> mini, <em>Carros de Foc<\/em> confort, <em>Carros de Foc<\/em> sud, <em>Carros de Foc<\/em> nord, etc.), avec souvent des nouveaut\u00e9s.<\/p><p><a href=\"https:\/\/www.carrosdefoc.com\/fr\/\">En savoir plus<\/a><\/p><p>\u00a0<\/p><\/div><\/div><div class=\"wpb_single_image wpb_content_element vc_align_center wpb_content_element wpb_animate_when_almost_visible wpb_zoomIn zoomIn wpb_start_animation animated\">\u00a0<\/div>\t\t\t\t\t\t\t\t<\/div>\n\t\t\t\t<\/div>\n\t\t\t\t<\/div>\n\t\t\t\t\t<\/details>\n\t\t\t\t\t<\/div>\n\t\t\t\t\t\t<\/div>\n\t\t\t\t<\/div>\n\t\t\t\t<\/div>\n\t\t<div class=\"elementor-element elementor-element-0e538ad e-con-full e-flex e-con e-child\" data-id=\"0e538ad\" data-element_type=\"container\" data-e-type=\"container\">\n\t\t\t\t<div class=\"elementor-element elementor-element-5d9f41e elementor-widget elementor-widget-image\" data-id=\"5d9f41e\" data-element_type=\"widget\" data-e-type=\"widget\" data-widget_type=\"image.default\">\n\t\t\t\t<div class=\"elementor-widget-container\">\n\t\t\t\t\t\t\t\t\t\t\t\t\t\t\t<img fetchpriority=\"high\" decoding=\"async\" width=\"1024\" height=\"372\" src=\"https:\/\/amitges.com\/wp-content\/uploads\/Excursions_amitges.jpg\" class=\"attachment-full size-full wp-image-5203\" alt=\"Excursions\" data-responsive-images=\"false\" \/>\t\t\t\t\t\t\t\t\t\t\t\t\t\t\t<\/div>\n\t\t\t\t<\/div>\n\t\t\t\t<div class=\"elementor-element elementor-element-66ea346 elementor-widget elementor-widget-n-accordion\" data-id=\"66ea346\" data-element_type=\"widget\" data-e-type=\"widget\" data-settings=\"{&quot;default_state&quot;:&quot;all_collapsed&quot;,&quot;max_items_expended&quot;:&quot;one&quot;,&quot;n_accordion_animation_duration&quot;:{&quot;unit&quot;:&quot;ms&quot;,&quot;size&quot;:400,&quot;sizes&quot;:[]}}\" data-widget_type=\"nested-accordion.default\">\n\t\t\t\t<div class=\"elementor-widget-container\">\n\t\t\t\t\t\t\t<div class=\"e-n-accordion\" aria-label=\"Accordion. Open links with Enter or Space, close with Escape, and navigate with Arrow Keys\">\n\t\t\t\t\t\t<details id=\"e-n-accordion-item-1070\" class=\"e-n-accordion-item\" >\n\t\t\t\t<summary class=\"e-n-accordion-item-title\" data-accordion-index=\"1\" tabindex=\"0\" aria-expanded=\"false\" aria-controls=\"e-n-accordion-item-1070\" >\n\t\t\t\t\t<span class='e-n-accordion-item-title-header'><div class=\"e-n-accordion-item-title-text\"> Le GR-11 <\/div><\/span>\n\t\t\t\t\t\t\t<span class='e-n-accordion-item-title-icon'>\n\t\t\t<span class='e-opened' ><svg aria-hidden=\"true\" class=\"e-font-icon-svg e-fas-minus\" viewBox=\"0 0 448 512\" xmlns=\"http:\/\/www.w3.org\/2000\/svg\"><path d=\"M416 208H32c-17.67 0-32 14.33-32 32v32c0 17.67 14.33 32 32 32h384c17.67 0 32-14.33 32-32v-32c0-17.67-14.33-32-32-32z\"><\/path><\/svg><\/span>\n\t\t\t<span class='e-closed'><svg aria-hidden=\"true\" class=\"e-font-icon-svg e-fas-plus\" viewBox=\"0 0 448 512\" xmlns=\"http:\/\/www.w3.org\/2000\/svg\"><path d=\"M416 208H272V64c0-17.67-14.33-32-32-32h-32c-17.67 0-32 14.33-32 32v144H32c-17.67 0-32 14.33-32 32v32c0 17.67 14.33 32 32 32h144v144c0 17.67 14.33 32 32 32h32c17.67 0 32-14.33 32-32V304h144c17.67 0 32-14.33 32-32v-32c0-17.67-14.33-32-32-32z\"><\/path><\/svg><\/span>\n\t\t<\/span>\n\n\t\t\t\t\t\t<\/summary>\n\t\t\t\t<div role=\"region\" aria-labelledby=\"e-n-accordion-item-1070\" class=\"elementor-element elementor-element-937b815 e-con-full e-flex e-con e-child\" data-id=\"937b815\" data-element_type=\"container\" data-e-type=\"container\">\n\t\t\t\t<div class=\"elementor-element elementor-element-2afd35b elementor-widget elementor-widget-text-editor\" data-id=\"2afd35b\" data-element_type=\"widget\" data-e-type=\"widget\" data-widget_type=\"text-editor.default\">\n\t\t\t\t<div class=\"elementor-widget-container\">\n\t\t\t\t\t\t\t\t\t<div class=\"wpb_text_column wpb_content_element vc_custom_1571850400180\" data-animation-delay=\"0\"><div class=\"wpb_wrapper\"><p>Le GR-11 est le chemin de grande randonn\u00e9e qui traverse les Pyr\u00e9n\u00e9es. Son parcours, aux marquages blancs et rouges, passe \u00e0 une demi-heure du refuge. C\u2019est pourquoi ce dernier est souvent utilis\u00e9 comme fin d\u2019\u00e9tape.<\/p><p>Si vous venez du c\u00f4t\u00e9 m\u00e9diterran\u00e9en en direction de l\u2019Atlantique et que vous souhaitez rejoindre le refuge d\u2019Amitges, prenez la bifurcation vers l\u2019\u00e9tang de Ratera o\u00f9 se trouve un panneau indiquant 0,45\u00a0h jusqu\u2019au refuge. Ensuite, pour continuer la travers\u00e9e, il ne sera pas n\u00e9cessaire de redescendre \u00e0 cette cote.<\/p><p>En revanche, si vous venez de l\u2019Atlantique, vous devez quitter le GR au niveau de l\u2019\u00e9tang du col de Ratera (Estany del Port de Ratera) et suivre les indications qui m\u00e8nent au refuge.<\/p><\/div><\/div><div class=\"wpb_single_image wpb_content_element vc_align_center wpb_content_element wpb_animate_when_almost_visible wpb_zoomIn zoomIn wpb_start_animation animated\">\u00a0<\/div>\t\t\t\t\t\t\t\t<\/div>\n\t\t\t\t<\/div>\n\t\t\t\t<\/div>\n\t\t\t\t\t<\/details>\n\t\t\t\t\t<\/div>\n\t\t\t\t\t\t<\/div>\n\t\t\t\t<\/div>\n\t\t\t\t<\/div>\n\t\t\t\t\t<\/div>\n\t\t\t\t<\/div>\n\t\t<div class=\"elementor-element elementor-element-c393912 e-flex e-con-boxed e-con e-parent\" data-id=\"c393912\" data-element_type=\"container\" data-e-type=\"container\">\n\t\t\t\t\t<div class=\"e-con-inner\">\n\t\t\t\t<div class=\"elementor-element elementor-element-28e4fef elementor-widget-divider--view-line elementor-widget elementor-widget-divider\" data-id=\"28e4fef\" data-element_type=\"widget\" data-e-type=\"widget\" data-widget_type=\"divider.default\">\n\t\t\t\t<div class=\"elementor-widget-container\">\n\t\t\t\t\t\t\t<div class=\"elementor-divider\">\n\t\t\t<span class=\"elementor-divider-separator\">\n\t\t\t\t\t\t<\/span>\n\t\t<\/div>\n\t\t\t\t\t\t<\/div>\n\t\t\t\t<\/div>\n\t\t\t\t\t<\/div>\n\t\t\t\t<\/div>\n\t\t<div class=\"elementor-element elementor-element-987aa31 e-flex e-con-boxed e-con e-parent\" data-id=\"987aa31\" data-element_type=\"container\" data-e-type=\"container\">\n\t\t\t\t\t<div class=\"e-con-inner\">\n\t\t<div class=\"elementor-element elementor-element-24fc15e e-con-full e-flex e-con e-child\" data-id=\"24fc15e\" data-element_type=\"container\" data-e-type=\"container\">\n\t\t\t\t<div class=\"elementor-element elementor-element-8bf06e6 elementor-widget elementor-widget-image\" data-id=\"8bf06e6\" data-element_type=\"widget\" data-e-type=\"widget\" data-widget_type=\"image.default\">\n\t\t\t\t<div class=\"elementor-widget-container\">\n\t\t\t\t\t\t\t\t\t\t\t\t\t\t\t<img loading=\"lazy\" decoding=\"async\" width=\"300\" height=\"217\" src=\"https:\/\/amitges.com\/wp-content\/uploads\/wikiloc-1-300x217.png\" class=\"attachment-medium size-medium wp-image-4120\" alt=\"Excursions\" data-responsive-images=\"false\" \/>\t\t\t\t\t\t\t\t\t\t\t\t\t\t\t<\/div>\n\t\t\t\t<\/div>\n\t\t\t\t<\/div>\n\t\t<div class=\"elementor-element elementor-element-795745a e-con-full e-flex e-con e-child\" data-id=\"795745a\" data-element_type=\"container\" data-e-type=\"container\">\n\t\t\t\t<div class=\"elementor-element elementor-element-b5bb368 elementor-widget elementor-widget-text-editor\" data-id=\"b5bb368\" data-element_type=\"widget\" data-e-type=\"widget\" data-widget_type=\"text-editor.default\">\n\t\t\t\t<div class=\"elementor-widget-container\">\n\t\t\t\t\t\t\t\t\t<p>Sur Wikiloc, vous pouvez trouver et t\u00e9l\u00e9charger des itin\u00e9raires de randonn\u00e9e GPS qui partent, arrivent ou passent par le refuge Amitges.<\/p>\t\t\t\t\t\t\t\t<\/div>\n\t\t\t\t<\/div>\n\t\t\t\t<div class=\"elementor-element elementor-element-e063205 elementor-widget elementor-widget-image\" data-id=\"e063205\" data-element_type=\"widget\" data-e-type=\"widget\" data-widget_type=\"image.default\">\n\t\t\t\t<div class=\"elementor-widget-container\">\n\t\t\t\t\t\t\t\t\t\t\t\t\t\t\t<img loading=\"lazy\" decoding=\"async\" width=\"225\" height=\"93\" src=\"https:\/\/amitges.com\/wp-content\/uploads\/wikiloc-logo-2.png\" class=\"attachment-large size-large wp-image-4114\" alt=\"Excursions\" data-responsive-images=\"false\" \/>\t\t\t\t\t\t\t\t\t\t\t\t\t\t\t<\/div>\n\t\t\t\t<\/div>\n\t\t\t\t<\/div>\n\t\t\t\t\t<\/div>\n\t\t\t\t<\/div>\n\t\t\t\t<\/div>\n\t\t","protected":false},"excerpt":{"rendered":"<p>Le refuge d\u2019Amitges est le point de d\u00e9part de nombreuses excursions \u00e0 faire dans cette r\u00e9gion de haute montagne qui regorge d\u2019\u00e9tangs, de ruisseaux, de for\u00eats de pins noirs, de p\u00e2turages alpins, avec des cr\u00eates, des \u00e9boulis granitiques, de petits glaciers, etc. Dans ce site, au milieu du Parc national d\u2019Aig\u00fcestortes i Estany de Sant\u00a0Maurici, [&hellip;]<\/p>\n","protected":false},"author":6,"featured_media":0,"parent":0,"menu_order":0,"comment_status":"closed","ping_status":"closed","template":"page-vc.php","meta":{"footnotes":""},"class_list":["post-3453","page","type-page","status-publish","hentry"],"_links":{"self":[{"href":"https:\/\/amitges.com\/fr\/wp-json\/wp\/v2\/pages\/3453","targetHints":{"allow":["GET"]}}],"collection":[{"href":"https:\/\/amitges.com\/fr\/wp-json\/wp\/v2\/pages"}],"about":[{"href":"https:\/\/amitges.com\/fr\/wp-json\/wp\/v2\/types\/page"}],"author":[{"embeddable":true,"href":"https:\/\/amitges.com\/fr\/wp-json\/wp\/v2\/users\/6"}],"replies":[{"embeddable":true,"href":"https:\/\/amitges.com\/fr\/wp-json\/wp\/v2\/comments?post=3453"}],"version-history":[{"count":5,"href":"https:\/\/amitges.com\/fr\/wp-json\/wp\/v2\/pages\/3453\/revisions"}],"predecessor-version":[{"id":5696,"href":"https:\/\/amitges.com\/fr\/wp-json\/wp\/v2\/pages\/3453\/revisions\/5696"}],"wp:attachment":[{"href":"https:\/\/amitges.com\/fr\/wp-json\/wp\/v2\/media?parent=3453"}],"curies":[{"name":"wp","href":"https:\/\/api.w.org\/{rel}","templated":true}]}}