{"id":3516,"date":"2019-05-08T14:47:05","date_gmt":"2019-05-08T12:47:05","guid":{"rendered":"http:\/\/localhost\/amitges?page_id=3516"},"modified":"2024-12-11T14:05:41","modified_gmt":"2024-12-11T12:05:41","slug":"access-transport","status":"publish","type":"page","link":"https:\/\/amitges.com\/fr\/access-transport\/","title":{"rendered":"Acc\u00e8s et transport"},"content":{"rendered":"\t\t<div data-elementor-type=\"wp-page\" data-elementor-id=\"3516\" class=\"elementor elementor-3516 elementor-2464\">\n\t\t\t\t<div class=\"elementor-element elementor-element-a57fb9f e-flex e-con-boxed e-con e-parent\" data-id=\"a57fb9f\" data-element_type=\"container\" data-e-type=\"container\">\n\t\t\t\t\t<div class=\"e-con-inner\">\n\t\t\t\t<div class=\"elementor-element elementor-element-6ff419c elementor-widget elementor-widget-spacer\" data-id=\"6ff419c\" data-element_type=\"widget\" data-e-type=\"widget\" data-widget_type=\"spacer.default\">\n\t\t\t\t<div class=\"elementor-widget-container\">\n\t\t\t\t\t\t\t<div class=\"elementor-spacer\">\n\t\t\t<div class=\"elementor-spacer-inner\"><\/div>\n\t\t<\/div>\n\t\t\t\t\t\t<\/div>\n\t\t\t\t<\/div>\n\t\t\t\t<div class=\"elementor-element elementor-element-3f10cde elementor-widget elementor-widget-heading\" data-id=\"3f10cde\" data-element_type=\"widget\" data-e-type=\"widget\" data-widget_type=\"heading.default\">\n\t\t\t\t<div class=\"elementor-widget-container\">\n\t\t\t\t\t<h3 class=\"elementor-heading-title elementor-size-default\">Localisation<\/h3>\t\t\t\t<\/div>\n\t\t\t\t<\/div>\n\t\t\t\t\t<\/div>\n\t\t\t\t<\/div>\n\t\t<div class=\"elementor-element elementor-element-1cc1007 e-flex e-con-boxed e-con e-parent\" data-id=\"1cc1007\" data-element_type=\"container\" data-e-type=\"container\">\n\t\t\t\t\t<div class=\"e-con-inner\">\n\t\t<div class=\"elementor-element elementor-element-c8bc519 e-con-full e-flex e-con e-child\" data-id=\"c8bc519\" data-element_type=\"container\" data-e-type=\"container\">\n\t\t\t\t<div class=\"elementor-element elementor-element-8dc8c4b elementor-widget__width-initial elementor-widget elementor-widget-html\" data-id=\"8dc8c4b\" data-element_type=\"widget\" data-e-type=\"widget\" data-widget_type=\"html.default\">\n\t\t\t\t<div class=\"elementor-widget-container\">\n\t\t\t\t\t<iframe src=\"https:\/\/www.google.com\/maps\/embed?pb=!1m18!1m12!1m3!1d79000.14617991284!2d0.9664113406257387!3d42.62191451533994!2m3!1f0!2f0!3f0!3m2!1i1024!2i768!4f13.1!3m3!1m2!1s0x12a8a6cd9c20e2d5%3A0xde93310b15450d9e!2sRefugi%20d&#39;Amitges!5e0!3m2!1sca!2ses!4v1728372070651!5m2!1sca!2ses\" width=\"600\" height=\"350\" style=\"border:0;\" allowfullscreen=\"\" loading=\"lazy\" referrerpolicy=\"no-referrer-when-downgrade\"><\/iframe>\t\t\t\t<\/div>\n\t\t\t\t<\/div>\n\t\t\t\t<\/div>\n\t\t<div class=\"elementor-element elementor-element-a4d8a9c e-con-full e-flex e-con e-child\" data-id=\"a4d8a9c\" data-element_type=\"container\" data-e-type=\"container\">\n\t\t\t\t<div class=\"elementor-element elementor-element-eb90398 elementor-widget elementor-widget-spacer\" data-id=\"eb90398\" data-element_type=\"widget\" data-e-type=\"widget\" data-widget_type=\"spacer.default\">\n\t\t\t\t<div class=\"elementor-widget-container\">\n\t\t\t\t\t\t\t<div class=\"elementor-spacer\">\n\t\t\t<div class=\"elementor-spacer-inner\"><\/div>\n\t\t<\/div>\n\t\t\t\t\t\t<\/div>\n\t\t\t\t<\/div>\n\t\t\t\t<div class=\"elementor-element elementor-element-34d558f elementor-widget elementor-widget-image\" data-id=\"34d558f\" data-element_type=\"widget\" data-e-type=\"widget\" data-widget_type=\"image.default\">\n\t\t\t\t<div class=\"elementor-widget-container\">\n\t\t\t\t\t\t\t\t\t\t\t\t\t\t\t<img fetchpriority=\"high\" decoding=\"async\" width=\"200\" height=\"312\" src=\"https:\/\/amitges.com\/wp-content\/uploads\/acces1.gif\" class=\"attachment-full size-full wp-image-4072\" alt=\"Acc\u00e8s et transport\" data-responsive-images=\"false\" \/>\t\t\t\t\t\t\t\t\t\t\t\t\t\t\t<\/div>\n\t\t\t\t<\/div>\n\t\t\t\t<\/div>\n\t\t\t\t\t<\/div>\n\t\t\t\t<\/div>\n\t\t<div class=\"elementor-element elementor-element-5fce22b e-flex e-con-boxed e-con e-parent\" data-id=\"5fce22b\" data-element_type=\"container\" data-e-type=\"container\">\n\t\t\t\t\t<div class=\"e-con-inner\">\n\t\t\t\t<div class=\"elementor-element elementor-element-baef39a elementor-widget elementor-widget-heading\" data-id=\"baef39a\" data-element_type=\"widget\" data-e-type=\"widget\" data-widget_type=\"heading.default\">\n\t\t\t\t<div class=\"elementor-widget-container\">\n\t\t\t\t\t<h3 class=\"elementor-heading-title elementor-size-default\">Acc\u00e8s et transport<\/h3>\t\t\t\t<\/div>\n\t\t\t\t<\/div>\n\t\t\t\t\t<\/div>\n\t\t\t\t<\/div>\n\t\t<div class=\"elementor-element elementor-element-a80f812 e-flex e-con-boxed e-con e-parent\" data-id=\"a80f812\" data-element_type=\"container\" data-e-type=\"container\">\n\t\t\t\t\t<div class=\"e-con-inner\">\n\t\t<div class=\"elementor-element elementor-element-e22fa59 e-con-full e-flex e-con e-child\" data-id=\"e22fa59\" data-element_type=\"container\" data-e-type=\"container\">\n\t\t\t\t<div class=\"elementor-element elementor-element-58d4c62 elementor-position-inline-start elementor-view-default elementor-mobile-position-block-start elementor-widget elementor-widget-icon-box\" data-id=\"58d4c62\" data-element_type=\"widget\" data-e-type=\"widget\" data-widget_type=\"icon-box.default\">\n\t\t\t\t<div class=\"elementor-widget-container\">\n\t\t\t\t\t\t\t<div class=\"elementor-icon-box-wrapper\">\n\n\t\t\t\t\t\t<div class=\"elementor-icon-box-icon\">\n\t\t\t\t<span  class=\"elementor-icon\">\n\t\t\t\t<svg aria-hidden=\"true\" class=\"e-font-icon-svg e-fas-car\" viewBox=\"0 0 512 512\" xmlns=\"http:\/\/www.w3.org\/2000\/svg\"><path d=\"M499.99 176h-59.87l-16.64-41.6C406.38 91.63 365.57 64 319.5 64h-127c-46.06 0-86.88 27.63-103.99 70.4L71.87 176H12.01C4.2 176-1.53 183.34.37 190.91l6 24C7.7 220.25 12.5 224 18.01 224h20.07C24.65 235.73 16 252.78 16 272v48c0 16.12 6.16 30.67 16 41.93V416c0 17.67 14.33 32 32 32h32c17.67 0 32-14.33 32-32v-32h256v32c0 17.67 14.33 32 32 32h32c17.67 0 32-14.33 32-32v-54.07c9.84-11.25 16-25.8 16-41.93v-48c0-19.22-8.65-36.27-22.07-48H494c5.51 0 10.31-3.75 11.64-9.09l6-24c1.89-7.57-3.84-14.91-11.65-14.91zm-352.06-17.83c7.29-18.22 24.94-30.17 44.57-30.17h127c19.63 0 37.28 11.95 44.57 30.17L384 208H128l19.93-49.83zM96 319.8c-19.2 0-32-12.76-32-31.9S76.8 256 96 256s48 28.71 48 47.85-28.8 15.95-48 15.95zm320 0c-19.2 0-48 3.19-48-15.95S396.8 256 416 256s32 12.76 32 31.9-12.8 31.9-32 31.9z\"><\/path><\/svg>\t\t\t\t<\/span>\n\t\t\t<\/div>\n\t\t\t\n\t\t\t\t\t\t<div class=\"elementor-icon-box-content\">\n\n\t\t\t\t\t\t\t\t\t<h4 class=\"elementor-icon-box-title\">\n\t\t\t\t\t\t<span  >\n\t\t\t\t\t\t\tEn voiture\t\t\t\t\t\t<\/span>\n\t\t\t\t\t<\/h4>\n\t\t\t\t\n\t\t\t\t\t\t\t\t\t<p class=\"elementor-icon-box-description\">\n\t\t\t\t\t\t<hr>\n<br>\nPar la route C-13 jusqu\u2019au croisement du barrage de la Torrassa et, de l\u00e0, par la route LV-5004 jusqu\u2019au village d\u2019Espot.<br><br>\n\n<b>En \u00e9t\u00e9,<\/b>vous pouvez rejoindre en voiture le parking situ\u00e9 \u00e0 l\u2019entr\u00e9e du Parc national d\u2019Aig\u00fcestortes i Estany de Sant Maurici (Prats de Pierr\u00f3). De l\u00e0, vous pouvez marcher jusqu\u2019\u00e0 l\u2019\u00e9tang de Sant Maurici par un sentier bien balis\u00e9 (La ruta de l\u2019isard, 1 h) et, de Sant Maurici jusqu\u2019\u00e0 Amitges, continuer par une piste \u00e9galement bien indiqu\u00e9e (1 h 45).<br><br>\n\nLe <a href=\"http:\/\/www.taxisespot.com\" target=\"_blank\">service de taxis<\/a> (+34 973 624 105) est \u00e0 votre disposition pour rejoindre Sant Maurici, le lac de Ratera ou le refuge lui-m\u00eame.<br><br>\n\n<b>Du 1er d\u00e9cembre jusqu\u2019\u00e0 la semaine de P\u00e2ques<\/b>, , il est impossible de rejoindre le parking en voiture \u00e0 cause de l\u2019enneigement et\/ou du verglas tr\u00e8s fr\u00e9quent sur la chauss\u00e9e. Seuls les taxis et v\u00e9hicules autoris\u00e9s peuvent y acc\u00e9der. Vous devez laisser votre v\u00e9hicule \u00e0 Espot.\t\t\t\t\t<\/p>\n\t\t\t\t\n\t\t\t<\/div>\n\t\t\t\n\t\t<\/div>\n\t\t\t\t\t\t<\/div>\n\t\t\t\t<\/div>\n\t\t\t\t<\/div>\n\t\t<div class=\"elementor-element elementor-element-00a6557 e-con-full e-flex e-con e-child\" data-id=\"00a6557\" data-element_type=\"container\" data-e-type=\"container\">\n\t\t\t\t<div class=\"elementor-element elementor-element-b0dd03d elementor-position-inline-start elementor-view-default elementor-mobile-position-block-start elementor-widget elementor-widget-icon-box\" data-id=\"b0dd03d\" data-element_type=\"widget\" data-e-type=\"widget\" data-widget_type=\"icon-box.default\">\n\t\t\t\t<div class=\"elementor-widget-container\">\n\t\t\t\t\t\t\t<div class=\"elementor-icon-box-wrapper\">\n\n\t\t\t\t\t\t<div class=\"elementor-icon-box-icon\">\n\t\t\t\t<span  class=\"elementor-icon\">\n\t\t\t\t<svg aria-hidden=\"true\" class=\"e-font-icon-svg e-fas-bus\" viewBox=\"0 0 512 512\" xmlns=\"http:\/\/www.w3.org\/2000\/svg\"><path d=\"M488 128h-8V80c0-44.8-99.2-80-224-80S32 35.2 32 80v48h-8c-13.25 0-24 10.74-24 24v80c0 13.25 10.75 24 24 24h8v160c0 17.67 14.33 32 32 32v32c0 17.67 14.33 32 32 32h32c17.67 0 32-14.33 32-32v-32h192v32c0 17.67 14.33 32 32 32h32c17.67 0 32-14.33 32-32v-32h6.4c16 0 25.6-12.8 25.6-25.6V256h8c13.25 0 24-10.75 24-24v-80c0-13.26-10.75-24-24-24zM112 400c-17.67 0-32-14.33-32-32s14.33-32 32-32 32 14.33 32 32-14.33 32-32 32zm16-112c-17.67 0-32-14.33-32-32V128c0-17.67 14.33-32 32-32h256c17.67 0 32 14.33 32 32v128c0 17.67-14.33 32-32 32H128zm272 112c-17.67 0-32-14.33-32-32s14.33-32 32-32 32 14.33 32 32-14.33 32-32 32z\"><\/path><\/svg>\t\t\t\t<\/span>\n\t\t\t<\/div>\n\t\t\t\n\t\t\t\t\t\t<div class=\"elementor-icon-box-content\">\n\n\t\t\t\t\t\t\t\t\t<h4 class=\"elementor-icon-box-title\">\n\t\t\t\t\t\t<span  >\n\t\t\t\t\t\t\tEn transports en commun\t\t\t\t\t\t<\/span>\n\t\t\t\t\t<\/h4>\n\t\t\t\t\n\t\t\t\t\t\t\t\t\t<p class=\"elementor-icon-box-description\">\n\t\t\t\t\t\t<hr>\n<br>\nDe L\u00e9rida ou Barcelone, avec les <a href=\"http:\/\/www.alsa.es\/portal\/site\/Alsa\" target=\"_blank\">bus Alsa<\/a>, jusqu\u2019au barrage de la Torrassa (C-13), entre les localit\u00e9s d\u2019Escal\u00f3 et de La Guingueta. C\u2019est l\u00e0 que commence la route menant \u00e0 Espot (8 km). L\u2019entr\u00e9e du parc se trouve \u00e0 4 km d\u2019Espot.<br><br>\n\nAucun service r\u00e9gulier de transports en commun n\u2019existe entre l\u2019arr\u00eat de bus et Espot, et l\u2019entr\u00e9e du parc. Par cons\u00e9quent, si vous n\u2019avez pas r\u00e9serv\u00e9 le <a href=\"http:\/\/www.taxisespot.com\" target=\"_blank\">service de taxi<\/a>, vous devrez faire ces tron\u00e7ons de route \u00e0 pied ou en auto-stop.<br><br>\n\n<b>Bus du parc, du 21\/6 au 30\/9<\/b><br><br>\n\nEn \u00e9t\u00e9, le bus du parc relie Espot avec le Val d\u2019Aran et les localit\u00e9s de Bo\u00ed et de La Pobla de Segur. Ce service est \u00e9galement assur\u00e9 par la <a href=\"http:\/\/www.alsa.es\/portal\/site\/Alsa\" target=\"_blank\">compagnie Alsa<\/a>.\t\t\t\t\t<\/p>\n\t\t\t\t\n\t\t\t<\/div>\n\t\t\t\n\t\t<\/div>\n\t\t\t\t\t\t<\/div>\n\t\t\t\t<\/div>\n\t\t\t\t<\/div>\n\t\t\t\t\t<\/div>\n\t\t\t\t<\/div>\n\t\t<div class=\"elementor-element elementor-element-025e470 e-flex e-con-boxed e-con e-parent\" data-id=\"025e470\" data-element_type=\"container\" data-e-type=\"container\">\n\t\t\t\t\t<div class=\"e-con-inner\">\n\t\t\t\t<div class=\"elementor-element elementor-element-6ab01ff elementor-widget elementor-widget-spacer\" data-id=\"6ab01ff\" data-element_type=\"widget\" data-e-type=\"widget\" data-widget_type=\"spacer.default\">\n\t\t\t\t<div class=\"elementor-widget-container\">\n\t\t\t\t\t\t\t<div class=\"elementor-spacer\">\n\t\t\t<div class=\"elementor-spacer-inner\"><\/div>\n\t\t<\/div>\n\t\t\t\t\t\t<\/div>\n\t\t\t\t<\/div>\n\t\t\t\t\t<\/div>\n\t\t\t\t<\/div>\n\t\t\t\t<\/div>\n\t\t","protected":false},"excerpt":{"rendered":"<p>Localisation Acc\u00e8s et transport En voiture Par la route C-13 jusqu\u2019au croisement du barrage de la Torrassa et, de l\u00e0, par la route LV-5004 jusqu\u2019au village d\u2019Espot. En \u00e9t\u00e9,vous pouvez rejoindre en voiture le parking situ\u00e9 \u00e0 l\u2019entr\u00e9e du Parc national d\u2019Aig\u00fcestortes i Estany de Sant Maurici (Prats de Pierr\u00f3). De l\u00e0, vous pouvez marcher [&hellip;]<\/p>\n","protected":false},"author":6,"featured_media":0,"parent":0,"menu_order":0,"comment_status":"closed","ping_status":"closed","template":"page-vc.php","meta":{"footnotes":""},"class_list":["post-3516","page","type-page","status-publish","hentry"],"_links":{"self":[{"href":"https:\/\/amitges.com\/fr\/wp-json\/wp\/v2\/pages\/3516","targetHints":{"allow":["GET"]}}],"collection":[{"href":"https:\/\/amitges.com\/fr\/wp-json\/wp\/v2\/pages"}],"about":[{"href":"https:\/\/amitges.com\/fr\/wp-json\/wp\/v2\/types\/page"}],"author":[{"embeddable":true,"href":"https:\/\/amitges.com\/fr\/wp-json\/wp\/v2\/users\/6"}],"replies":[{"embeddable":true,"href":"https:\/\/amitges.com\/fr\/wp-json\/wp\/v2\/comments?post=3516"}],"version-history":[{"count":9,"href":"https:\/\/amitges.com\/fr\/wp-json\/wp\/v2\/pages\/3516\/revisions"}],"predecessor-version":[{"id":5713,"href":"https:\/\/amitges.com\/fr\/wp-json\/wp\/v2\/pages\/3516\/revisions\/5713"}],"wp:attachment":[{"href":"https:\/\/amitges.com\/fr\/wp-json\/wp\/v2\/media?parent=3516"}],"curies":[{"name":"wp","href":"https:\/\/api.w.org\/{rel}","templated":true}]}}