{"id":3546,"date":"2019-04-26T17:27:40","date_gmt":"2019-04-26T15:27:40","guid":{"rendered":"http:\/\/localhost\/amitges?page_id=3546"},"modified":"2024-12-11T13:07:05","modified_gmt":"2024-12-11T11:07:05","slug":"a-faire","status":"publish","type":"page","link":"https:\/\/amitges.com\/fr\/a-faire\/","title":{"rendered":"\u00c0 faire"},"content":{"rendered":"\t\t<div data-elementor-type=\"wp-page\" data-elementor-id=\"3546\" class=\"elementor elementor-3546 elementor-2415\">\n\t\t\t\t<div class=\"elementor-element elementor-element-9daaa9d e-flex e-con-boxed e-con e-parent\" data-id=\"9daaa9d\" data-element_type=\"container\" data-e-type=\"container\">\n\t\t\t\t\t<div class=\"e-con-inner\">\n\t\t\t\t<div class=\"elementor-element elementor-element-645a6fe elementor-widget elementor-widget-spacer\" data-id=\"645a6fe\" data-element_type=\"widget\" data-e-type=\"widget\" data-widget_type=\"spacer.default\">\n\t\t\t\t<div class=\"elementor-widget-container\">\n\t\t\t\t\t\t\t<div class=\"elementor-spacer\">\n\t\t\t<div class=\"elementor-spacer-inner\"><\/div>\n\t\t<\/div>\n\t\t\t\t\t\t<\/div>\n\t\t\t\t<\/div>\n\t\t\t\t\t<\/div>\n\t\t\t\t<\/div>\n\t\t<div class=\"elementor-element elementor-element-dcbd180 e-flex e-con-boxed e-con e-parent\" data-id=\"dcbd180\" data-element_type=\"container\" data-e-type=\"container\">\n\t\t\t\t\t<div class=\"e-con-inner\">\n\t\t<div class=\"elementor-element elementor-element-1834258 e-con-full e-flex e-con e-child\" data-id=\"1834258\" data-element_type=\"container\" data-e-type=\"container\">\n\t\t\t\t<div class=\"elementor-element elementor-element-5799992 elementor-position-top elementor-widget elementor-widget-image-box\" data-id=\"5799992\" data-element_type=\"widget\" data-e-type=\"widget\" data-widget_type=\"image-box.default\">\n\t\t\t\t<div class=\"elementor-widget-container\">\n\t\t\t\t\t<div class=\"elementor-image-box-wrapper\"><figure class=\"elementor-image-box-img\"><a href=\"https:\/\/amitges.com\/excursions\/\" tabindex=\"-1\"><img fetchpriority=\"high\" decoding=\"async\" width=\"500\" height=\"300\" src=\"https:\/\/amitges.com\/wp-content\/uploads\/Que_fer_excursions.jpg\" class=\"attachment-full size-full wp-image-5277\" alt=\"\u00c0 faire\" data-responsive-images=\"false\" \/><\/a><\/figure><div class=\"elementor-image-box-content\"><h4 class=\"elementor-image-box-title\"><a href=\"https:\/\/amitges.com\/excursions\/\">Excursions<\/a><\/h4><p class=\"elementor-image-box-description\">Le refuge d\u2019Amitges est un bon point de d\u00e9part pour faire de nombreuses excursions dans cette r\u00e9gion de haute montagne. Nous vous proposons quelques ascensions et excursions vers d\u2019autres refuges.<\/p><\/div><\/div>\t\t\t\t<\/div>\n\t\t\t\t<\/div>\n\t\t\t\t<div class=\"elementor-element elementor-element-678f545 elementor-align-left elementor-widget elementor-widget-button\" data-id=\"678f545\" data-element_type=\"widget\" data-e-type=\"widget\" data-widget_type=\"button.default\">\n\t\t\t\t<div class=\"elementor-widget-container\">\n\t\t\t\t\t\t\t\t\t<div class=\"elementor-button-wrapper\">\n\t\t\t\t\t<a class=\"elementor-button elementor-button-link elementor-size-sm\" href=\"https:\/\/amitges.com\/fr\/excursions\/\">\n\t\t\t\t\t\t<span class=\"elementor-button-content-wrapper\">\n\t\t\t\t\t\t<span class=\"elementor-button-icon\">\n\t\t\t\t<svg aria-hidden=\"true\" class=\"e-font-icon-svg e-fas-plus-circle\" viewBox=\"0 0 512 512\" xmlns=\"http:\/\/www.w3.org\/2000\/svg\"><path d=\"M256 8C119 8 8 119 8 256s111 248 248 248 248-111 248-248S393 8 256 8zm144 276c0 6.6-5.4 12-12 12h-92v92c0 6.6-5.4 12-12 12h-56c-6.6 0-12-5.4-12-12v-92h-92c-6.6 0-12-5.4-12-12v-56c0-6.6 5.4-12 12-12h92v-92c0-6.6 5.4-12 12-12h56c6.6 0 12 5.4 12 12v92h92c6.6 0 12 5.4 12 12v56z\"><\/path><\/svg>\t\t\t<\/span>\n\t\t\t\t\t\t\t\t\t<span class=\"elementor-button-text\">En savoir plus<\/span>\n\t\t\t\t\t<\/span>\n\t\t\t\t\t<\/a>\n\t\t\t\t<\/div>\n\t\t\t\t\t\t\t\t<\/div>\n\t\t\t\t<\/div>\n\t\t\t\t<\/div>\n\t\t<div class=\"elementor-element elementor-element-b24d6f0 e-con-full e-flex e-con e-child\" data-id=\"b24d6f0\" data-element_type=\"container\" data-e-type=\"container\">\n\t\t\t\t<div class=\"elementor-element elementor-element-6c916f7 elementor-position-top elementor-widget elementor-widget-image-box\" data-id=\"6c916f7\" data-element_type=\"widget\" data-e-type=\"widget\" data-widget_type=\"image-box.default\">\n\t\t\t\t<div class=\"elementor-widget-container\">\n\t\t\t\t\t<div class=\"elementor-image-box-wrapper\"><figure class=\"elementor-image-box-img\"><a href=\"https:\/\/amitges.com\/escalada\/\" tabindex=\"-1\"><img decoding=\"async\" width=\"500\" height=\"300\" src=\"https:\/\/amitges.com\/wp-content\/uploads\/Escalada-Amitges.png\" class=\"attachment-full size-full wp-image-5479\" alt=\"\u00c0 faire\" data-responsive-images=\"false\" \/><\/a><\/figure><div class=\"elementor-image-box-content\"><h4 class=\"elementor-image-box-title\"><a href=\"https:\/\/amitges.com\/escalada\/\">Escalade<\/a><\/h4><p class=\"elementor-image-box-description\">Le site des Amitges constitue un bon endroit pour l\u2019apprentissage de l\u2019escalade traditionnelle. De nombreux blocs rocheux se trouvent \u00e0 proximit\u00e9 du refuge, ainsi que les c\u00e9l\u00e8bres Agulles d\u2019Amitges et des sites d\u2019escalade moins fr\u00e9quent\u00e9s.<\/p><\/div><\/div>\t\t\t\t<\/div>\n\t\t\t\t<\/div>\n\t\t\t\t<div class=\"elementor-element elementor-element-8df786a elementor-align-left elementor-widget elementor-widget-button\" data-id=\"8df786a\" data-element_type=\"widget\" data-e-type=\"widget\" data-widget_type=\"button.default\">\n\t\t\t\t<div class=\"elementor-widget-container\">\n\t\t\t\t\t\t\t\t\t<div class=\"elementor-button-wrapper\">\n\t\t\t\t\t<a class=\"elementor-button elementor-button-link elementor-size-sm\" href=\"https:\/\/amitges.com\/fr\/escalada\/\">\n\t\t\t\t\t\t<span class=\"elementor-button-content-wrapper\">\n\t\t\t\t\t\t<span class=\"elementor-button-icon\">\n\t\t\t\t<svg aria-hidden=\"true\" class=\"e-font-icon-svg e-fas-plus-circle\" viewBox=\"0 0 512 512\" xmlns=\"http:\/\/www.w3.org\/2000\/svg\"><path d=\"M256 8C119 8 8 119 8 256s111 248 248 248 248-111 248-248S393 8 256 8zm144 276c0 6.6-5.4 12-12 12h-92v92c0 6.6-5.4 12-12 12h-56c-6.6 0-12-5.4-12-12v-92h-92c-6.6 0-12-5.4-12-12v-56c0-6.6 5.4-12 12-12h92v-92c0-6.6 5.4-12 12-12h56c6.6 0 12 5.4 12 12v92h92c6.6 0 12 5.4 12 12v56z\"><\/path><\/svg>\t\t\t<\/span>\n\t\t\t\t\t\t\t\t\t<span class=\"elementor-button-text\">En savoir plus<\/span>\n\t\t\t\t\t<\/span>\n\t\t\t\t\t<\/a>\n\t\t\t\t<\/div>\n\t\t\t\t\t\t\t\t<\/div>\n\t\t\t\t<\/div>\n\t\t\t\t<\/div>\n\t\t<div class=\"elementor-element elementor-element-16232fe e-con-full e-flex e-con e-child\" data-id=\"16232fe\" data-element_type=\"container\" data-e-type=\"container\">\n\t\t\t\t<div class=\"elementor-element elementor-element-55e4f79 elementor-position-top elementor-widget elementor-widget-image-box\" data-id=\"55e4f79\" data-element_type=\"widget\" data-e-type=\"widget\" data-widget_type=\"image-box.default\">\n\t\t\t\t<div class=\"elementor-widget-container\">\n\t\t\t\t\t<div class=\"elementor-image-box-wrapper\"><figure class=\"elementor-image-box-img\"><a href=\"https:\/\/amitges.com\/esqui-i-raquetes\/\" tabindex=\"-1\"><img decoding=\"async\" width=\"500\" height=\"300\" src=\"https:\/\/amitges.com\/wp-content\/uploads\/Que_fer_esqui.jpg\" class=\"attachment-full size-full wp-image-5302\" alt=\"\u00c0 faire\" data-responsive-images=\"false\" \/><\/a><\/figure><div class=\"elementor-image-box-content\"><h4 class=\"elementor-image-box-title\"><a href=\"https:\/\/amitges.com\/esqui-i-raquetes\/\">Ski et raquettes<\/a><\/h4><p class=\"elementor-image-box-description\">En hiver, le refuge est ouvert plusieurs jours en f\u00e9vrier et mars, co\u00efncidant avec les vacances scolaires en France. Il est \u00e9galement ouvert pendant la plupart des ponts, pour P\u00e2ques et sur r\u00e9servation.<\/p><\/div><\/div>\t\t\t\t<\/div>\n\t\t\t\t<\/div>\n\t\t\t\t<div class=\"elementor-element elementor-element-bd66e3f elementor-align-left elementor-widget elementor-widget-button\" data-id=\"bd66e3f\" data-element_type=\"widget\" data-e-type=\"widget\" data-widget_type=\"button.default\">\n\t\t\t\t<div class=\"elementor-widget-container\">\n\t\t\t\t\t\t\t\t\t<div class=\"elementor-button-wrapper\">\n\t\t\t\t\t<a class=\"elementor-button elementor-button-link elementor-size-sm\" href=\"https:\/\/amitges.com\/fr\/esqui-i-raquetes\/\">\n\t\t\t\t\t\t<span class=\"elementor-button-content-wrapper\">\n\t\t\t\t\t\t<span class=\"elementor-button-icon\">\n\t\t\t\t<svg aria-hidden=\"true\" class=\"e-font-icon-svg e-fas-plus-circle\" viewBox=\"0 0 512 512\" xmlns=\"http:\/\/www.w3.org\/2000\/svg\"><path d=\"M256 8C119 8 8 119 8 256s111 248 248 248 248-111 248-248S393 8 256 8zm144 276c0 6.6-5.4 12-12 12h-92v92c0 6.6-5.4 12-12 12h-56c-6.6 0-12-5.4-12-12v-92h-92c-6.6 0-12-5.4-12-12v-56c0-6.6 5.4-12 12-12h92v-92c0-6.6 5.4-12 12-12h56c6.6 0 12 5.4 12 12v92h92c6.6 0 12 5.4 12 12v56z\"><\/path><\/svg>\t\t\t<\/span>\n\t\t\t\t\t\t\t\t\t<span class=\"elementor-button-text\">En savoir plus<\/span>\n\t\t\t\t\t<\/span>\n\t\t\t\t\t<\/a>\n\t\t\t\t<\/div>\n\t\t\t\t\t\t\t\t<\/div>\n\t\t\t\t<\/div>\n\t\t\t\t<\/div>\n\t\t\t\t\t<\/div>\n\t\t\t\t<\/div>\n\t\t<div class=\"elementor-element elementor-element-c04b350 e-flex e-con-boxed e-con e-parent\" data-id=\"c04b350\" data-element_type=\"container\" data-e-type=\"container\">\n\t\t\t\t\t<div class=\"e-con-inner\">\n\t\t\t\t<div class=\"elementor-element elementor-element-79c30f3 elementor-widget elementor-widget-spacer\" data-id=\"79c30f3\" data-element_type=\"widget\" data-e-type=\"widget\" data-widget_type=\"spacer.default\">\n\t\t\t\t<div class=\"elementor-widget-container\">\n\t\t\t\t\t\t\t<div class=\"elementor-spacer\">\n\t\t\t<div class=\"elementor-spacer-inner\"><\/div>\n\t\t<\/div>\n\t\t\t\t\t\t<\/div>\n\t\t\t\t<\/div>\n\t\t\t\t\t<\/div>\n\t\t\t\t<\/div>\n\t\t\t\t<\/div>\n\t\t","protected":false},"excerpt":{"rendered":"<p>Excursions Le refuge d\u2019Amitges est un bon point de d\u00e9part pour faire de nombreuses excursions dans cette r\u00e9gion de haute montagne. Nous vous proposons quelques ascensions et excursions vers d\u2019autres refuges. En savoir plus Escalade Le site des Amitges constitue un bon endroit pour l\u2019apprentissage de l\u2019escalade traditionnelle. De nombreux blocs rocheux se trouvent \u00e0 [&hellip;]<\/p>\n","protected":false},"author":6,"featured_media":0,"parent":0,"menu_order":0,"comment_status":"closed","ping_status":"closed","template":"page-vc.php","meta":{"footnotes":""},"class_list":["post-3546","page","type-page","status-publish","hentry"],"_links":{"self":[{"href":"https:\/\/amitges.com\/fr\/wp-json\/wp\/v2\/pages\/3546","targetHints":{"allow":["GET"]}}],"collection":[{"href":"https:\/\/amitges.com\/fr\/wp-json\/wp\/v2\/pages"}],"about":[{"href":"https:\/\/amitges.com\/fr\/wp-json\/wp\/v2\/types\/page"}],"author":[{"embeddable":true,"href":"https:\/\/amitges.com\/fr\/wp-json\/wp\/v2\/users\/6"}],"replies":[{"embeddable":true,"href":"https:\/\/amitges.com\/fr\/wp-json\/wp\/v2\/comments?post=3546"}],"version-history":[{"count":8,"href":"https:\/\/amitges.com\/fr\/wp-json\/wp\/v2\/pages\/3546\/revisions"}],"predecessor-version":[{"id":5692,"href":"https:\/\/amitges.com\/fr\/wp-json\/wp\/v2\/pages\/3546\/revisions\/5692"}],"wp:attachment":[{"href":"https:\/\/amitges.com\/fr\/wp-json\/wp\/v2\/media?parent=3546"}],"curies":[{"name":"wp","href":"https:\/\/api.w.org\/{rel}","templated":true}]}}